{"id":707,"date":"2023-10-11T13:45:24","date_gmt":"2023-10-11T13:45:24","guid":{"rendered":"https:\/\/bratecrio.com.br\/?page_id=707"},"modified":"2023-10-11T14:36:23","modified_gmt":"2023-10-11T14:36:23","slug":"fale-conosco","status":"publish","type":"page","link":"https:\/\/bratecrio.com.br\/index.php\/fale-conosco\/","title":{"rendered":"Fale Conosco"},"content":{"rendered":"\t\t<div data-elementor-type=\"wp-page\" data-elementor-id=\"707\" class=\"elementor elementor-707\">\n\t\t\t\t\t\t\t\t\t<section class=\"elementor-section elementor-top-section elementor-element elementor-element-1b03ea14 elementor-section-content-middle elementor-section-boxed elementor-section-height-default elementor-section-height-default\" data-id=\"1b03ea14\" data-element_type=\"section\">\n\t\t\t\t\t\t<div class=\"elementor-container elementor-column-gap-default\">\n\t\t\t\t\t<div class=\"elementor-column elementor-col-33 elementor-top-column elementor-element elementor-element-4a07ec9f\" data-id=\"4a07ec9f\" data-element_type=\"column\">\n\t\t\t<div class=\"elementor-widget-wrap elementor-element-populated\">\n\t\t\t\t\t\t\t\t<div class=\"elementor-element elementor-element-23059259 elementor-widget elementor-widget-image\" data-id=\"23059259\" data-element_type=\"widget\" data-widget_type=\"image.default\">\n\t\t\t\t<div class=\"elementor-widget-container\">\n\t\t\t<style>\/*! elementor - v3.7.7 - 20-09-2022 *\/\n.elementor-widget-image{text-align:center}.elementor-widget-image a{display:inline-block}.elementor-widget-image a img[src$=\".svg\"]{width:48px}.elementor-widget-image img{vertical-align:middle;display:inline-block}<\/style>\t\t\t\t\t\t\t\t\t\t\t\t<img loading=\"lazy\" decoding=\"async\" width=\"539\" height=\"104\" src=\"https:\/\/bratecrio.com.br\/wp-content\/uploads\/2022\/12\/1389190657-1.png\" class=\"attachment-large size-large\" alt=\"\" srcset=\"https:\/\/bratecrio.com.br\/wp-content\/uploads\/2022\/12\/1389190657-1.png 539w, https:\/\/bratecrio.com.br\/wp-content\/uploads\/2022\/12\/1389190657-1-300x58.png 300w\" sizes=\"(max-width: 539px) 100vw, 539px\" \/>\t\t\t\t\t\t\t\t\t\t\t\t\t\t\t<\/div>\n\t\t\t\t<\/div>\n\t\t\t\t\t<\/div>\n\t\t<\/div>\n\t\t\t\t<div class=\"elementor-column elementor-col-33 elementor-top-column elementor-element elementor-element-66fb4b2e\" data-id=\"66fb4b2e\" data-element_type=\"column\">\n\t\t\t<div class=\"elementor-widget-wrap elementor-element-populated\">\n\t\t\t\t\t\t\t\t<div class=\"elementor-element elementor-element-5e50c257 elementor-widget elementor-widget-ekit-nav-menu\" data-id=\"5e50c257\" data-element_type=\"widget\" data-widget_type=\"ekit-nav-menu.default\">\n\t\t\t\t<div class=\"elementor-widget-container\">\n\t\t\t<div class=\"ekit-wid-con ekit_menu_responsive_tablet\" data-hamburger-icon=\"\" data-hamburger-icon-type=\"icon\" data-responsive-breakpoint=\"1024\">            <button class=\"elementskit-menu-hamburger elementskit-menu-toggler\"  type=\"button\" aria-label=\"hamburger-icon\">\n                                    <span class=\"elementskit-menu-hamburger-icon\"><\/span><span class=\"elementskit-menu-hamburger-icon\"><\/span><span class=\"elementskit-menu-hamburger-icon\"><\/span>\n                            <\/button>\n            <div id=\"ekit-megamenu-menubratec\" class=\"elementskit-menu-container elementskit-menu-offcanvas-elements elementskit-navbar-nav-default elementskit_line_arrow ekit-nav-menu-one-page-no ekit-nav-dropdown-hover\"><ul id=\"menu-menubratec\" class=\"elementskit-navbar-nav elementskit-menu-po-center submenu-click-on-icon\"><li id=\"menu-item-57\" class=\"menu-item menu-item-type-post_type menu-item-object-page menu-item-home menu-item-has-children menu-item-57 nav-item elementskit-dropdown-has relative_position elementskit-dropdown-menu-default_width elementskit-mobile-builder-content\" data-vertical-menu=750px><a href=\"https:\/\/bratecrio.com.br\/\" class=\"ekit-menu-nav-link ekit-menu-dropdown-toggle\">Home<i class=\"icon icon-down-arrow1 elementskit-submenu-indicator\"><\/i><\/a>\n<ul class=\"elementskit-dropdown elementskit-submenu-panel\">\n\t<li id=\"menu-item-269\" class=\"menu-item menu-item-type-post_type menu-item-object-page menu-item-has-children menu-item-269 nav-item elementskit-dropdown-has relative_position elementskit-dropdown-menu-default_width elementskit-mobile-builder-content\" data-vertical-menu=750px><a href=\"https:\/\/bratecrio.com.br\/?page_id=245\" class=\" dropdown-item\">\u00c1rea Restrita Bratec<i class=\"icon icon-down-arrow1 elementskit-submenu-indicator\"><\/i><\/a>\n\t<ul class=\"elementskit-dropdown elementskit-submenu-panel\">\n\t\t<li id=\"menu-item-684\" class=\"menu-item menu-item-type-custom menu-item-object-custom menu-item-684 nav-item elementskit-mobile-builder-content\" data-vertical-menu=750px><a href=\"https:\/\/bratecrio.com.br\/index.php\/criar-novo-chamado\/\" class=\" dropdown-item\">Abertura de Chamado<\/a>\t\t<li id=\"menu-item-642\" class=\"menu-item menu-item-type-custom menu-item-object-custom menu-item-642 nav-item elementskit-mobile-builder-content\" data-vertical-menu=750px><a href=\"https:\/\/bratecrio-company.monday.com\/auth\/login_monday\/email_password\" class=\" dropdown-item\">CRM<\/a>\t<\/ul>\n<\/ul>\n<\/li>\n<li id=\"menu-item-137\" class=\"menu-item menu-item-type-post_type menu-item-object-page menu-item-has-children menu-item-137 nav-item elementskit-dropdown-has relative_position elementskit-dropdown-menu-default_width elementskit-mobile-builder-content\" data-vertical-menu=750px><a href=\"https:\/\/bratecrio.com.br\/index.php\/empresa\/\" class=\"ekit-menu-nav-link ekit-menu-dropdown-toggle\">Empresa<i class=\"icon icon-down-arrow1 elementskit-submenu-indicator\"><\/i><\/a>\n<ul class=\"elementskit-dropdown elementskit-submenu-panel\">\n\t<li id=\"menu-item-830\" class=\"menu-item menu-item-type-post_type menu-item-object-page menu-item-830 nav-item elementskit-mobile-builder-content\" data-vertical-menu=750px><a href=\"https:\/\/bratecrio.com.br\/index.php\/apresentacoes\/\" class=\" dropdown-item\">Apresenta\u00e7\u00f5es<\/a>\t<li id=\"menu-item-55\" class=\"menu-item menu-item-type-post_type menu-item-object-page menu-item-55 nav-item elementskit-mobile-builder-content\" data-vertical-menu=750px><a href=\"https:\/\/bratecrio.com.br\/index.php\/clientes\/\" class=\" dropdown-item\">Clientes<\/a><\/ul>\n<\/li>\n<li id=\"menu-item-56\" class=\"menu-item menu-item-type-post_type menu-item-object-page menu-item-has-children menu-item-56 nav-item elementskit-dropdown-has relative_position elementskit-dropdown-menu-default_width elementskit-mobile-builder-content\" data-vertical-menu=750px><a href=\"https:\/\/bratecrio.com.br\/index.php\/servicos\/\" class=\"ekit-menu-nav-link ekit-menu-dropdown-toggle\">Servi\u00e7os<i class=\"icon icon-down-arrow1 elementskit-submenu-indicator\"><\/i><\/a>\n<ul class=\"elementskit-dropdown elementskit-submenu-panel\">\n\t<li id=\"menu-item-948\" class=\"menu-item menu-item-type-post_type menu-item-object-page menu-item-948 nav-item elementskit-mobile-builder-content\" data-vertical-menu=750px><a href=\"https:\/\/bratecrio.com.br\/index.php\/calibracao\/\" class=\" dropdown-item\">Calibra\u00e7\u00e3o<\/a>\t<li id=\"menu-item-773\" class=\"menu-item menu-item-type-post_type menu-item-object-page menu-item-773 nav-item elementskit-mobile-builder-content\" data-vertical-menu=750px><a href=\"https:\/\/bratecrio.com.br\/index.php\/pintura\/\" class=\" dropdown-item\">Pintura Industrial<\/a>\t<li id=\"menu-item-797\" class=\"menu-item menu-item-type-post_type menu-item-object-page menu-item-797 nav-item elementskit-mobile-builder-content\" data-vertical-menu=750px><a href=\"https:\/\/bratecrio.com.br\/index.php\/automacao-industrial\/\" class=\" dropdown-item\">Automa\u00e7\u00e3o Industrial<\/a>\t<li id=\"menu-item-807\" class=\"menu-item menu-item-type-post_type menu-item-object-page menu-item-807 nav-item elementskit-mobile-builder-content\" data-vertical-menu=750px><a href=\"https:\/\/bratecrio.com.br\/index.php\/laboratorio-de-pressao\/\" class=\" dropdown-item\">Laborat\u00f3rio de Press\u00e3o<\/a>\t<li id=\"menu-item-817\" class=\"menu-item menu-item-type-post_type menu-item-object-page menu-item-817 nav-item elementskit-mobile-builder-content\" data-vertical-menu=750px><a href=\"https:\/\/bratecrio.com.br\/index.php\/eletrica\/\" class=\" dropdown-item\">El\u00e9trica<\/a><\/ul>\n<\/li>\n<li id=\"menu-item-54\" class=\"menu-item menu-item-type-post_type menu-item-object-page menu-item-has-children menu-item-54 nav-item elementskit-dropdown-has relative_position elementskit-dropdown-menu-default_width elementskit-mobile-builder-content\" data-vertical-menu=750px><a href=\"https:\/\/bratecrio.com.br\/index.php\/produtos\/\" class=\"ekit-menu-nav-link ekit-menu-dropdown-toggle\">Produtos<i class=\"icon icon-down-arrow1 elementskit-submenu-indicator\"><\/i><\/a>\n<ul class=\"elementskit-dropdown elementskit-submenu-panel\">\n\t<li id=\"menu-item-483\" class=\"menu-item menu-item-type-custom menu-item-object-custom menu-item-483 nav-item elementskit-mobile-builder-content\" data-vertical-menu=750px><a href=\"https:\/\/shopbratec.lojaintegrada.com.br\/\" class=\" dropdown-item\">Shop<\/a><\/ul>\n<\/li>\n<li id=\"menu-item-712\" class=\"menu-item menu-item-type-post_type menu-item-object-page menu-item-has-children menu-item-712 nav-item elementskit-dropdown-has relative_position elementskit-dropdown-menu-default_width elementskit-mobile-builder-content\" data-vertical-menu=750px><a href=\"https:\/\/bratecrio.com.br\/index.php\/fale-conosco\/\" class=\"ekit-menu-nav-link ekit-menu-dropdown-toggle\">Contato<i class=\"icon icon-down-arrow1 elementskit-submenu-indicator\"><\/i><\/a>\n<ul class=\"elementskit-dropdown elementskit-submenu-panel\">\n\t<li id=\"menu-item-87\" class=\"menu-item menu-item-type-post_type menu-item-object-page menu-item-87 nav-item elementskit-mobile-builder-content\" data-vertical-menu=750px><a href=\"https:\/\/bratecrio.com.br\/index.php\/localizacao\/\" class=\" dropdown-item\">Localiza\u00e7\u00e3o<\/a>\t<li id=\"menu-item-867\" class=\"menu-item menu-item-type-post_type menu-item-object-page menu-item-867 nav-item elementskit-mobile-builder-content\" data-vertical-menu=750px><a href=\"https:\/\/bratecrio.com.br\/index.php\/area-do-cliente\/\" class=\" dropdown-item\">\u00c1rea do Cliente<\/a><\/ul>\n<\/li>\n<\/ul><div class=\"elementskit-nav-identity-panel\">\n\t\t\t\t<div class=\"elementskit-site-title\">\n\t\t\t\t\t<a class=\"elementskit-nav-logo\" href=\"https:\/\/bratecrio.com.br\" target=\"_self\" rel=\"\">\n\t\t\t\t\t\t<img loading=\"lazy\" decoding=\"async\" width=\"1200\" height=\"800\" src=\"https:\/\/bratecrio.com.br\/wp-content\/uploads\/2022\/12\/placeholder-664.png\" class=\"attachment-full size-full\" alt=\"\" srcset=\"https:\/\/bratecrio.com.br\/wp-content\/uploads\/2022\/12\/placeholder-664.png 1200w, https:\/\/bratecrio.com.br\/wp-content\/uploads\/2022\/12\/placeholder-664-600x400.png 600w, https:\/\/bratecrio.com.br\/wp-content\/uploads\/2022\/12\/placeholder-664-300x200.png 300w, https:\/\/bratecrio.com.br\/wp-content\/uploads\/2022\/12\/placeholder-664-1024x683.png 1024w, https:\/\/bratecrio.com.br\/wp-content\/uploads\/2022\/12\/placeholder-664-768x512.png 768w\" sizes=\"(max-width: 1200px) 100vw, 1200px\" \/>\n\t\t\t\t\t<\/a> \n\t\t\t\t<\/div><button class=\"elementskit-menu-close elementskit-menu-toggler\" type=\"button\">X<\/button><\/div><\/div><div class=\"elementskit-menu-overlay elementskit-menu-offcanvas-elements elementskit-menu-toggler ekit-nav-menu--overlay\"><\/div><\/div>\t\t<\/div>\n\t\t\t\t<\/div>\n\t\t\t\t\t<\/div>\n\t\t<\/div>\n\t\t\t\t<div class=\"elementor-column elementor-col-33 elementor-top-column elementor-element elementor-element-34ffbad8\" data-id=\"34ffbad8\" data-element_type=\"column\">\n\t\t\t<div class=\"elementor-widget-wrap elementor-element-populated\">\n\t\t\t\t\t\t\t\t<div class=\"elementor-element elementor-element-4546c9a7 elementor-widget__width-auto elementor-widget elementor-widget-elementskit-header-search\" data-id=\"4546c9a7\" data-element_type=\"widget\" data-widget_type=\"elementskit-header-search.default\">\n\t\t\t\t<div class=\"elementor-widget-container\">\n\t\t\t<div class=\"ekit-wid-con\" >        <a href=\"#ekit_modal-popup-4546c9a7\" class=\"ekit_navsearch-button ekit-modal-popup\" aria-label=\"navsearch-button\">\n            <i aria-hidden=\"true\" class=\"icon icon-search\"><\/i>        <\/a>\n        <!-- language switcher strart -->\n        <!-- xs modal -->\n        <div class=\"zoom-anim-dialog mfp-hide ekit_modal-searchPanel\" id=\"ekit_modal-popup-4546c9a7\">\n            <div class=\"ekit-search-panel\">\n            <!-- Polylang search - thanks to Alain Melsens -->\n                <form role=\"search\" method=\"get\" class=\"ekit-search-group\" action=\"https:\/\/bratecrio.com.br\/\">\n                    <input type=\"search\" class=\"ekit_search-field\" placeholder=\"Search...\" value=\"\" name=\"s\" \/>\n                    <button type=\"submit\" class=\"ekit_search-button\">\n                        <i aria-hidden=\"true\" class=\"icon icon-search\"><\/i>                    <\/button>\n                <\/form>\n            <\/div>\n        <\/div><!-- End xs modal -->\n        <!-- end language switcher strart -->\n        <\/div>\t\t<\/div>\n\t\t\t\t<\/div>\n\t\t\t\t<div class=\"elementor-element elementor-element-223febca elementor-widget__width-auto ekit-off-canvas-position-right elementor-widget elementor-widget-elementskit-header-offcanvas\" data-id=\"223febca\" data-element_type=\"widget\" data-widget_type=\"elementskit-header-offcanvas.default\">\n\t\t\t\t<div class=\"elementor-widget-container\">\n\t\t\t<div class=\"ekit-wid-con\" >        <div class=\"ekit-offcanvas-toggle-wraper\">\n            <a href=\"#\" class=\"ekit_navSidebar-button ekit_offcanvas-sidebar\" aria-label=\"offcanvas-menu\">\n                <i aria-hidden=\"true\" class=\"icon icon-burger-menu\"><\/i>            <\/a>\n        <\/div>\n        <!-- offset cart strart -->\n        <!-- sidebar cart item -->\n        <div class=\"ekit-sidebar-group info-group\" data-settings=\"{&quot;disable_bodyscroll&quot;:&quot;&quot;}\">\n            <div class=\"ekit-overlay ekit-bg-black\"><\/div>\n            <div class=\"ekit-sidebar-widget\">\n                <div class=\"ekit_sidebar-widget-container\">\n                    <div class=\"ekit_widget-heading\">\n                        <a href=\"#\" class=\"ekit_close-side-widget\" aria-label=\"close-icon\">\n\n                            <i aria-hidden=\"true\" class=\"fas fa-times\"><\/i>\n                        <\/a>\n                    <\/div>\n                    <div class=\"ekit_sidebar-textwidget\">\n                        \n\t\t<div class=\"widgetarea_warper widgetarea_warper_editable\" data-elementskit-widgetarea-key=\"223febca\"  data-elementskit-widgetarea-index=\"99\">\n\t\t\t<div class=\"widgetarea_warper_edit\" data-elementskit-widgetarea-key=\"223febca\" data-elementskit-widgetarea-index=\"99\">\n\t\t\t\t<i class=\"eicon-edit\" aria-hidden=\"true\"><\/i>\n\t\t\t\t<span>Edit Content<\/span>\n\t\t\t<\/div>\n\n\t\t\t\t\t\t\t\t<div class=\"elementor-widget-container\">\n\t\t\t\t\tClick on the Edit Content button to edit\/add the content.\t\t\t\t\t<\/div>\n\t\t\t\t\t\t<\/div>\n\t\t \n                    <\/div>\n                <\/div>\n            <\/div>\n        <\/div> <!-- END sidebar widget item -->\n        <!-- END offset cart strart -->\n        <\/div>\t\t<\/div>\n\t\t\t\t<\/div>\n\t\t\t\t\t<\/div>\n\t\t<\/div>\n\t\t\t\t\t\t\t<\/div>\n\t\t<\/section>\n\t\t\t\t<section class=\"elementor-section elementor-top-section elementor-element elementor-element-2a093af elementor-section-boxed elementor-section-height-default elementor-section-height-default\" data-id=\"2a093af\" data-element_type=\"section\">\n\t\t\t\t\t\t<div class=\"elementor-container elementor-column-gap-default\">\n\t\t\t\t\t<div class=\"elementor-column elementor-col-100 elementor-top-column elementor-element elementor-element-d3726f4\" data-id=\"d3726f4\" data-element_type=\"column\">\n\t\t\t<div class=\"elementor-widget-wrap elementor-element-populated\">\n\t\t\t\t\t\t\t\t<div class=\"elementor-element elementor-element-b27909d elementor-widget elementor-widget-html\" data-id=\"b27909d\" data-element_type=\"widget\" data-widget_type=\"html.default\">\n\t\t\t\t<div class=\"elementor-widget-container\">\n\t\t\t<iframe loading=\"lazy\" src=\"https:\/\/forms.monday.com\/forms\/embed\/cc832aae8e10186535c9e10fa10337d4?r=use1\" width=\"650\" height=\"800\" style=\"border: 0; box-shadow: 5px 5px 56px 0px rgba(0,0,0,0.25);\"><\/iframe>\t\t<\/div>\n\t\t\t\t<\/div>\n\t\t\t\t\t<\/div>\n\t\t<\/div>\n\t\t\t\t\t\t\t<\/div>\n\t\t<\/section>\n\t\t\t\t\t\t\t<\/div>\n\t\t","protected":false},"excerpt":{"rendered":"<p>Home \u00c1rea Restrita Bratec Abertura de Chamado CRM Empresa Clientes Servi\u00e7os Produtos Shop Contato Localiza\u00e7\u00e3o X Edit Content Click on the Edit Content button to edit\/add the content.<\/p>\n","protected":false},"author":1,"featured_media":0,"parent":0,"menu_order":0,"comment_status":"closed","ping_status":"closed","template":"elementor_canvas","meta":{"footnotes":""},"class_list":["post-707","page","type-page","status-publish","hentry"],"aioseo_notices":[],"_links":{"self":[{"href":"https:\/\/bratecrio.com.br\/index.php\/wp-json\/wp\/v2\/pages\/707"}],"collection":[{"href":"https:\/\/bratecrio.com.br\/index.php\/wp-json\/wp\/v2\/pages"}],"about":[{"href":"https:\/\/bratecrio.com.br\/index.php\/wp-json\/wp\/v2\/types\/page"}],"author":[{"embeddable":true,"href":"https:\/\/bratecrio.com.br\/index.php\/wp-json\/wp\/v2\/users\/1"}],"replies":[{"embeddable":true,"href":"https:\/\/bratecrio.com.br\/index.php\/wp-json\/wp\/v2\/comments?post=707"}],"version-history":[{"count":16,"href":"https:\/\/bratecrio.com.br\/index.php\/wp-json\/wp\/v2\/pages\/707\/revisions"}],"predecessor-version":[{"id":727,"href":"https:\/\/bratecrio.com.br\/index.php\/wp-json\/wp\/v2\/pages\/707\/revisions\/727"}],"wp:attachment":[{"href":"https:\/\/bratecrio.com.br\/index.php\/wp-json\/wp\/v2\/media?parent=707"}],"curies":[{"name":"wp","href":"https:\/\/api.w.org\/{rel}","templated":true}]}}