{"id":366,"date":"2023-08-15T20:01:07","date_gmt":"2023-08-15T20:01:07","guid":{"rendered":"https:\/\/bratecrio.com.br\/?post_type=product&#038;p=366"},"modified":"2025-05-27T17:04:15","modified_gmt":"2025-05-27T17:04:15","slug":"relogio-comparador-0-10-mm-001mm-121-304-basic-digimess-c-certificado-de-calibracao","status":"publish","type":"product","link":"https:\/\/bratecrio.com.br\/index.php\/produto\/relogio-comparador-0-10-mm-001mm-121-304-basic-digimess-c-certificado-de-calibracao\/","title":{"rendered":"Rel\u00f3gio Comparador 0-10 mm (0,01mm) 121.304 Basic Digimess C\/ Certificado de Calibra\u00e7\u00e3o"},"content":{"rendered":"<p>O Rel\u00f3gio Comparador 0-10mm modelo 121.304 Basic da Digimess \u00e9 um excelente instrumento para realizar compara\u00e7\u00f5es ou medi\u00e7\u00f5es.<br \/>\nPode ser fixado, atrav\u00e9s da sua tampa com orelha ou pelo seu canh\u00e3o, como, por exemplo, a suportes magn\u00e9ticos, comparadores de di\u00e2metro, tra\u00e7adores de altura ou a qualquer dispositivo.<br \/>\nSua ponta de contato esf\u00e9rica pode ser trocada por outros modelos sem afetar a sua fun\u00e7\u00e3o de medi\u00e7\u00e3o.<br \/>\nPara delimitar limites e trava do mostrador, o instrumento possui marcadores de toler\u00e2ncia.<\/p>\n<p><strong>Benef\u00edcios do Rel\u00f3gio Comparador 0-10 mm Digimess:<br \/>\n<\/strong><br \/>\n&#8211; Tampa traseira: Com orelha;<br \/>\n&#8211; Parafuso trava do mostrador;<br \/>\n&#8211; Engrenagens montadas sobre mancais de rubi;<br \/>\n&#8211; Ponta de contato esf\u00e9rica \u00d82,5mm em a\u00e7o temperado;<br \/>\n&#8211; Alta resist\u00eancia a impactos, devido a caixa met\u00e1lica com acabamento cromado fosco.<\/p>\n<p><strong>Informa\u00e7\u00f5es T\u00e9cnicas:<br \/>\n<\/strong><br \/>\n&#8211; Capacidade: 0-10mm<br \/>\n&#8211; Di\u00e2metro do Mostrador: 58mm<br \/>\n&#8211; Tipo de Mostrador: 0-100 (100-0)<br \/>\n&#8211; Exatid\u00e3o: \u00b1 0,015 mm.<\/p>\n<p>Com certificado de Calibra\u00e7\u00e3o .<\/p>\n<p>&nbsp;<\/p>\n","protected":false},"excerpt":{"rendered":"<p>O Rel\u00f3gio Comparador 0-10mm modelo 121.304 Basic da Digimess \u00e9 um excelente instrumento para realizar compara\u00e7\u00f5es ou medi\u00e7\u00f5es. Pode ser fixado, atrav\u00e9s da sua tampa com orelha ou pelo seu canh\u00e3o, como, por exemplo, a suportes magn\u00e9ticos, comparadores de di\u00e2metro, tra\u00e7adores de altura ou a qualquer dispositivo. Sua ponta de contato esf\u00e9rica pode ser trocada [&hellip;]<\/p>\n","protected":false},"featured_media":368,"comment_status":"open","ping_status":"closed","template":"","meta":[],"product_cat":[25],"product_tag":[],"class_list":["post-366","product","type-product","status-publish","has-post-thumbnail","hentry","product_cat-dimensional"],"aioseo_notices":[],"_links":{"self":[{"href":"https:\/\/bratecrio.com.br\/index.php\/wp-json\/wp\/v2\/product\/366"}],"collection":[{"href":"https:\/\/bratecrio.com.br\/index.php\/wp-json\/wp\/v2\/product"}],"about":[{"href":"https:\/\/bratecrio.com.br\/index.php\/wp-json\/wp\/v2\/types\/product"}],"replies":[{"embeddable":true,"href":"https:\/\/bratecrio.com.br\/index.php\/wp-json\/wp\/v2\/comments?post=366"}],"wp:featuredmedia":[{"embeddable":true,"href":"https:\/\/bratecrio.com.br\/index.php\/wp-json\/wp\/v2\/media\/368"}],"wp:attachment":[{"href":"https:\/\/bratecrio.com.br\/index.php\/wp-json\/wp\/v2\/media?parent=366"}],"wp:term":[{"taxonomy":"product_cat","embeddable":true,"href":"https:\/\/bratecrio.com.br\/index.php\/wp-json\/wp\/v2\/product_cat?post=366"},{"taxonomy":"product_tag","embeddable":true,"href":"https:\/\/bratecrio.com.br\/index.php\/wp-json\/wp\/v2\/product_tag?post=366"}],"curies":[{"name":"wp","href":"https:\/\/api.w.org\/{rel}","templated":true}]}}