{"id":371,"date":"2023-08-16T13:58:17","date_gmt":"2023-08-16T13:58:17","guid":{"rendered":"https:\/\/bratecrio.com.br\/?post_type=product&#038;p=371"},"modified":"2023-08-16T19:15:26","modified_gmt":"2023-08-16T19:15:26","slug":"paquimetro-digital-3-em-1-de-150mm-digimess-100-1701-c-certificado-de-calibracao","status":"publish","type":"product","link":"https:\/\/bratecrio.com.br\/index.php\/produto\/paquimetro-digital-3-em-1-de-150mm-digimess-100-1701-c-certificado-de-calibracao\/","title":{"rendered":"Paqu\u00edmetro Digital 3 em 1 de 150mm &#8211; DIGIMESS-100-1701 c\/ Certificado de Calibra\u00e7\u00e3o"},"content":{"rendered":"<div class=\"page-heading\"><span id=\"infoproduto\" class=\"page-heading-title informacaoProduto\">Descri\u00e7\u00e3o do Produto<\/span><\/div>\n<p>Paqu\u00edmetro digital 3 em 1 \u00e9 fabricado em a\u00e7o inoxid\u00e1vel temperado. Conta com parafuso de fixa\u00e7\u00e3o da medida e convers\u00e3o em mil\u00edmetro\/polegada\/polegada fracionada. Modelo quadrimensional que possui zeragem em qualquer ponto e tecla de liga\/desliga, oferecendo alta efici\u00eancia e praticidade durante o uso.<\/p>\n<p><strong>&#8211; Especifica\u00e7\u00f5es T\u00e9cnicas:<\/strong><br \/>\n:: Capacidade: 150mm \u2013 6&#8243;<br \/>\n:: Exatid\u00e3o: aproximadamente 0,03mm<br \/>\n:: Resolu\u00e7\u00e3o de 0,01mm\/.0005&#8243;\/1\/128&#8243;<\/p>\n<p>&#8211; Marca:\u00a0<strong>DIGIMESS<\/strong><\/p>\n<p>c\/ Certificado de Calibra\u00e7\u00e3o<\/p>\n","protected":false},"excerpt":{"rendered":"<p>Descri\u00e7\u00e3o do Produto Paqu\u00edmetro digital 3 em 1 \u00e9 fabricado em a\u00e7o inoxid\u00e1vel temperado. Conta com parafuso de fixa\u00e7\u00e3o da medida e convers\u00e3o em mil\u00edmetro\/polegada\/polegada fracionada. Modelo quadrimensional que possui zeragem em qualquer ponto e tecla de liga\/desliga, oferecendo alta efici\u00eancia e praticidade durante o uso. &#8211; Especifica\u00e7\u00f5es T\u00e9cnicas: :: Capacidade: 150mm \u2013 6&#8243; :: [&hellip;]<\/p>\n","protected":false},"featured_media":372,"comment_status":"open","ping_status":"closed","template":"","meta":[],"product_cat":[25],"product_tag":[],"class_list":["post-371","product","type-product","status-publish","has-post-thumbnail","hentry","product_cat-dimensional"],"aioseo_notices":[],"_links":{"self":[{"href":"https:\/\/bratecrio.com.br\/index.php\/wp-json\/wp\/v2\/product\/371"}],"collection":[{"href":"https:\/\/bratecrio.com.br\/index.php\/wp-json\/wp\/v2\/product"}],"about":[{"href":"https:\/\/bratecrio.com.br\/index.php\/wp-json\/wp\/v2\/types\/product"}],"replies":[{"embeddable":true,"href":"https:\/\/bratecrio.com.br\/index.php\/wp-json\/wp\/v2\/comments?post=371"}],"wp:featuredmedia":[{"embeddable":true,"href":"https:\/\/bratecrio.com.br\/index.php\/wp-json\/wp\/v2\/media\/372"}],"wp:attachment":[{"href":"https:\/\/bratecrio.com.br\/index.php\/wp-json\/wp\/v2\/media?parent=371"}],"wp:term":[{"taxonomy":"product_cat","embeddable":true,"href":"https:\/\/bratecrio.com.br\/index.php\/wp-json\/wp\/v2\/product_cat?post=371"},{"taxonomy":"product_tag","embeddable":true,"href":"https:\/\/bratecrio.com.br\/index.php\/wp-json\/wp\/v2\/product_tag?post=371"}],"curies":[{"name":"wp","href":"https:\/\/api.w.org\/{rel}","templated":true}]}}