{"id":375,"date":"2023-08-16T14:49:52","date_gmt":"2023-08-16T14:49:52","guid":{"rendered":"https:\/\/bratecrio.com.br\/?post_type=product&#038;p=375"},"modified":"2023-08-17T12:21:27","modified_gmt":"2023-08-17T12:21:27","slug":"calibre-de-solda-tipo-hi-lo-p-medicao-de-alinhamento-interno-c-certificado-de-calibracao","status":"publish","type":"product","link":"https:\/\/bratecrio.com.br\/index.php\/produto\/calibre-de-solda-tipo-hi-lo-p-medicao-de-alinhamento-interno-c-certificado-de-calibracao\/","title":{"rendered":"CALIBRE DE SOLDA TIPO HI LO P \/ MEDI\u00c7\u00c3O DE ALINHAMENTO INTERNO  c\/ certificado de calibra\u00e7\u00e3o"},"content":{"rendered":"<div id=\"fornecedor_mobile\" class=\"elementor-element elementor-element-a56d7ed elementor-widget__width-initial elementor-widget elementor-widget-shortcode\" data-id=\"a56d7ed\" data-element_type=\"widget\" data-widget_type=\"shortcode.default\">\n<div class=\"elementor-widget-container\">\n<p><img decoding=\"async\" class=\" lazyloaded\" src=\"https:\/\/celmar.com.br\/wp-content\/uploads\/wpallimport\/files\/fotofornecedor\/Logo-Aybek-verde.png\" data-src=\"https:\/\/celmar.com.br\/wp-content\/uploads\/wpallimport\/files\/fotofornecedor\/Logo-Aybek-verde.png\" \/><\/p>\n<div class=\"elementor-shortcode\"><\/div>\n<\/div>\n<\/div>\n<div class=\"elementor-element elementor-element-fd539c6 elementor-widget elementor-widget-woocommerce-product-short-description\" data-id=\"fd539c6\" data-element_type=\"widget\" data-widget_type=\"woocommerce-product-short-description.default\">\n<div class=\"elementor-widget-container\">\n<div class=\"woocommerce-product-details__short-description\">\n<p>Tipo \u201cHI-LO\u201d.<br \/>\nIndicado para medi\u00e7\u00e3o interna do alinhamento \/ desalinhamento, antes do processo de<br \/>\nsoldagem de tubos.<br \/>\nEscala m\u00e9trica<\/p>\n<p>com certificado de calibra\u00e7\u00e3o<\/p>\n<\/div>\n<\/div>\n<\/div>\n","protected":false},"excerpt":{"rendered":"<p>Tipo \u201cHI-LO\u201d. Indicado para medi\u00e7\u00e3o interna do alinhamento \/ desalinhamento, antes do processo de soldagem de tubos. Escala m\u00e9trica com certificado de calibra\u00e7\u00e3o<\/p>\n","protected":false},"featured_media":376,"comment_status":"open","ping_status":"closed","template":"","meta":[],"product_cat":[25],"product_tag":[],"class_list":["post-375","product","type-product","status-publish","has-post-thumbnail","hentry","product_cat-dimensional"],"aioseo_notices":[],"_links":{"self":[{"href":"https:\/\/bratecrio.com.br\/index.php\/wp-json\/wp\/v2\/product\/375"}],"collection":[{"href":"https:\/\/bratecrio.com.br\/index.php\/wp-json\/wp\/v2\/product"}],"about":[{"href":"https:\/\/bratecrio.com.br\/index.php\/wp-json\/wp\/v2\/types\/product"}],"replies":[{"embeddable":true,"href":"https:\/\/bratecrio.com.br\/index.php\/wp-json\/wp\/v2\/comments?post=375"}],"wp:featuredmedia":[{"embeddable":true,"href":"https:\/\/bratecrio.com.br\/index.php\/wp-json\/wp\/v2\/media\/376"}],"wp:attachment":[{"href":"https:\/\/bratecrio.com.br\/index.php\/wp-json\/wp\/v2\/media?parent=375"}],"wp:term":[{"taxonomy":"product_cat","embeddable":true,"href":"https:\/\/bratecrio.com.br\/index.php\/wp-json\/wp\/v2\/product_cat?post=375"},{"taxonomy":"product_tag","embeddable":true,"href":"https:\/\/bratecrio.com.br\/index.php\/wp-json\/wp\/v2\/product_tag?post=375"}],"curies":[{"name":"wp","href":"https:\/\/api.w.org\/{rel}","templated":true}]}}