{"id":377,"date":"2023-08-16T15:02:57","date_gmt":"2023-08-16T15:02:57","guid":{"rendered":"https:\/\/bratecrio.com.br\/?post_type=product&#038;p=377"},"modified":"2023-08-16T19:13:17","modified_gmt":"2023-08-16T19:13:17","slug":"termometro-digital-para-maxima-e-minima-20c-a-50c-interna-incoterm-7427-02-0-00-c-certificado-de-calibracao","status":"publish","type":"product","link":"https:\/\/bratecrio.com.br\/index.php\/produto\/termometro-digital-para-maxima-e-minima-20c-a-50c-interna-incoterm-7427-02-0-00-c-certificado-de-calibracao\/","title":{"rendered":"Term\u00f4metro Digital para M\u00e1xima e M\u00ednima -20\u00b0C \u00e0 +50\u00b0C Interna Incoterm 7427.02.0.00 C\/ Certificado de Calibra\u00e7\u00e3o"},"content":{"rendered":"<p>Term\u00f4metro Digital para M\u00e1xima e M\u00ednima -20 \u00b0C \u00e0 +50 \u00b0C Interna Incoterm 7427.02.0.00 O Term\u00f4metro Digital para M\u00e1xima e M\u00ednima Int.\/Ext. com Alarme Incoterm 7427.02.0.00 \u00e9 um Instrumento que permite a monitora\u00e7\u00e3o simult\u00e2nea de duas temperaturas. Possui fun\u00e7\u00e3o de memorizar as leituras m\u00e1ximas e m\u00ednimas, internas e externas da temperatura, em um per\u00edodo de tempo. Voc\u00ea poder\u00e1 colocar uma temperatura externa de limite m\u00e1xima e\/ou m\u00ednima para alerta atrav\u00e9s de alarme sonoro. Atende as Portarias: RDC 21\/2004 Para Servi\u00e7o de Alimenta\u00e7\u00e3o RDC 44\/2009 Para Farm\u00e1cias Drogarias, e outros. Especifica\u00e7\u00f5es T\u00e9cnicas Faixa de temperatura interna: -20 \u00b0C a 50 \u00b0C \/ \u00b0F Faixa de temperatura externa: -50 \u00b0C a 70 \u00b0C \/ \u00b0F Resolu\u00e7\u00e3o Interna\/externa: 0,1 \u00b0C Exatid\u00e3o Interna\/externa: \u00b00 C a 50 \u00b0C \u00b1 1 \u00b0C \/ -50 \u00b0C a 0 \u00b0C \u00b1 2 \u00b0C \/ 50 \u00b0C a 70 \u00b0C \u00b1 2\u00b0C Alimenta\u00e7\u00e3o: 1 pilha de 1,5 Volts tipo AAA Cabo sensor externo: aprox. 1,8 m Dimens\u00f5es: 110x70x20 mm Atende as Portarias: RDC 21\/2004 Para Servi\u00e7o de Alimenta\u00e7\u00e3o RDC 44\/2009 Para Farm\u00e1cias Drogarias, e outros.<\/p>\n<p>Marca: Incoterm \u2022 C\u00f3digo: 7427.02.0.00<\/p>\n<p>Com certificado de Calibra\u00e7\u00e3o<\/p>\n","protected":false},"excerpt":{"rendered":"<p>Term\u00f4metro Digital para M\u00e1xima e M\u00ednima -20 \u00b0C \u00e0 +50 \u00b0C Interna Incoterm 7427.02.0.00 O Term\u00f4metro Digital para M\u00e1xima e M\u00ednima Int.\/Ext. com Alarme Incoterm 7427.02.0.00 \u00e9 um Instrumento que permite a monitora\u00e7\u00e3o simult\u00e2nea de duas temperaturas. Possui fun\u00e7\u00e3o de memorizar as leituras m\u00e1ximas e m\u00ednimas, internas e externas da temperatura, em um per\u00edodo de [&hellip;]<\/p>\n","protected":false},"featured_media":378,"comment_status":"open","ping_status":"closed","template":"","meta":[],"product_cat":[26],"product_tag":[],"class_list":["post-377","product","type-product","status-publish","has-post-thumbnail","hentry","product_cat-temperatura"],"aioseo_notices":[],"_links":{"self":[{"href":"https:\/\/bratecrio.com.br\/index.php\/wp-json\/wp\/v2\/product\/377"}],"collection":[{"href":"https:\/\/bratecrio.com.br\/index.php\/wp-json\/wp\/v2\/product"}],"about":[{"href":"https:\/\/bratecrio.com.br\/index.php\/wp-json\/wp\/v2\/types\/product"}],"replies":[{"embeddable":true,"href":"https:\/\/bratecrio.com.br\/index.php\/wp-json\/wp\/v2\/comments?post=377"}],"wp:featuredmedia":[{"embeddable":true,"href":"https:\/\/bratecrio.com.br\/index.php\/wp-json\/wp\/v2\/media\/378"}],"wp:attachment":[{"href":"https:\/\/bratecrio.com.br\/index.php\/wp-json\/wp\/v2\/media?parent=377"}],"wp:term":[{"taxonomy":"product_cat","embeddable":true,"href":"https:\/\/bratecrio.com.br\/index.php\/wp-json\/wp\/v2\/product_cat?post=377"},{"taxonomy":"product_tag","embeddable":true,"href":"https:\/\/bratecrio.com.br\/index.php\/wp-json\/wp\/v2\/product_tag?post=377"}],"curies":[{"name":"wp","href":"https:\/\/api.w.org\/{rel}","templated":true}]}}