{"id":379,"date":"2023-08-16T17:28:38","date_gmt":"2023-08-16T17:28:38","guid":{"rendered":"https:\/\/bratecrio.com.br\/?post_type=product&#038;p=379"},"modified":"2025-05-26T17:57:57","modified_gmt":"2025-05-26T17:57:57","slug":"termometro-digital-tipo-espeto-c-capa-protetora-incoterm-6132-c-certificado-de-calibracao","status":"publish","type":"product","link":"https:\/\/bratecrio.com.br\/index.php\/produto\/termometro-digital-tipo-espeto-c-capa-protetora-incoterm-6132-c-certificado-de-calibracao\/","title":{"rendered":"TERM\u00d4METRO DIGITAL TIPO ESPETO C\/ CAPA PROTETORA INCOTERM 6132 c\/ Certificado de Calibra\u00e7\u00e3o"},"content":{"rendered":"<p class=\"\"><span class=\"\">Term\u00f4metros Tipo Espeto, s\u00e3o utilizados para medi\u00e7\u00e3o de temperaturas em l\u00edquidos e s\u00f3lidos perfur\u00e1veis, onde a haste tenha contato total com a superf\u00edcie a ser medida.<\/span><\/p>\n<p>* Sensor haste \u00e0 prova d\u2019\u00e1gua;<br \/>\n* Desligamento autom\u00e1tico ap\u00f3s 45min sem opera\u00e7\u00e3o;<br \/>\n* Possui fun\u00e7\u00e3o HOLD, onde fixa o valor apresentado no visor, mesmo ap\u00f3s o sensor ser retirado da subst\u00e2ncia;<\/p>\n<p class=\"\"><strong>Aplica\u00e7\u00f5es:<\/strong><br \/>\n* Laborat\u00f3rios;<br \/>\n* Alimentos;<br \/>\n* Processos;<br \/>\n* Aquecimento, refrigera\u00e7\u00e3o;<br \/>\n* Industrial.<\/p>\n<p><img decoding=\"async\" src=\"https:\/\/www.incoterm.com.br\/imgs_textos\/_121_incoterm\/519_4471-selos-6132.jpg\" \/><\/p>\n","protected":false},"excerpt":{"rendered":"<p>Term\u00f4metros Tipo Espeto, s\u00e3o utilizados para medi\u00e7\u00e3o de temperaturas em l\u00edquidos e s\u00f3lidos perfur\u00e1veis, onde a haste tenha contato total com a superf\u00edcie a ser medida. * Sensor haste \u00e0 prova d\u2019\u00e1gua; * Desligamento autom\u00e1tico ap\u00f3s 45min sem opera\u00e7\u00e3o; * Possui fun\u00e7\u00e3o HOLD, onde fixa o valor apresentado no visor, mesmo ap\u00f3s o sensor ser [&hellip;]<\/p>\n","protected":false},"featured_media":380,"comment_status":"open","ping_status":"closed","template":"","meta":[],"product_cat":[26],"product_tag":[],"class_list":["post-379","product","type-product","status-publish","has-post-thumbnail","hentry","product_cat-temperatura"],"aioseo_notices":[],"_links":{"self":[{"href":"https:\/\/bratecrio.com.br\/index.php\/wp-json\/wp\/v2\/product\/379"}],"collection":[{"href":"https:\/\/bratecrio.com.br\/index.php\/wp-json\/wp\/v2\/product"}],"about":[{"href":"https:\/\/bratecrio.com.br\/index.php\/wp-json\/wp\/v2\/types\/product"}],"replies":[{"embeddable":true,"href":"https:\/\/bratecrio.com.br\/index.php\/wp-json\/wp\/v2\/comments?post=379"}],"wp:featuredmedia":[{"embeddable":true,"href":"https:\/\/bratecrio.com.br\/index.php\/wp-json\/wp\/v2\/media\/380"}],"wp:attachment":[{"href":"https:\/\/bratecrio.com.br\/index.php\/wp-json\/wp\/v2\/media?parent=379"}],"wp:term":[{"taxonomy":"product_cat","embeddable":true,"href":"https:\/\/bratecrio.com.br\/index.php\/wp-json\/wp\/v2\/product_cat?post=379"},{"taxonomy":"product_tag","embeddable":true,"href":"https:\/\/bratecrio.com.br\/index.php\/wp-json\/wp\/v2\/product_tag?post=379"}],"curies":[{"name":"wp","href":"https:\/\/api.w.org\/{rel}","templated":true}]}}