{"id":383,"date":"2023-08-16T18:39:36","date_gmt":"2023-08-16T18:39:36","guid":{"rendered":"https:\/\/bratecrio.com.br\/?post_type=product&#038;p=383"},"modified":"2025-05-27T20:15:29","modified_gmt":"2025-05-27T20:15:29","slug":"micrometro-externo-mecanico-digimess-0-25mm-x-001mm-110-100-c-certificado-de-calibracao","status":"publish","type":"product","link":"https:\/\/bratecrio.com.br\/index.php\/produto\/micrometro-externo-mecanico-digimess-0-25mm-x-001mm-110-100-c-certificado-de-calibracao\/","title":{"rendered":"Micr\u00f4metro Externo Mec\u00e2nico Digimess 0-25mm X 0,01mm 110.100 c\/ Certificado de Calibra\u00e7\u00e3o"},"content":{"rendered":"<p>Micr\u00f4metro externo mec\u00e2nico Digimess 0-25mm x 0,01mm 110.100<\/p>\n<p>Capacidade: 0-25mm<\/p>\n<p>Resolu\u00e7\u00e3o: 0,01mm<\/p>\n<p>CARACTER\u00cdSTICAS:<\/p>\n<p>Fabricados em ferro fundido nodular, pintado e esmaltado<br \/>\nTambor, bainha e catraca em metal cromado fosco<br \/>\nPress\u00e3o de medi\u00e7\u00e3o atrav\u00e9s de catraca na extremidade do tambor<br \/>\nTrava de fixa\u00e7\u00e3o do fuso<br \/>\nFaces de medi\u00e7\u00e3o em metal duro, micro lapidadas, para assegurar medi\u00e7\u00f5es com exatid\u00e3o<br \/>\nAcompanha padr\u00e3o para calibra\u00e7\u00e3o para capacidades acima de 25mm<\/p>\n<p>C\/ Certificado de Calibra\u00e7\u00e3o<\/p>\n","protected":false},"excerpt":{"rendered":"<p>Micr\u00f4metro externo mec\u00e2nico Digimess 0-25mm x 0,01mm 110.100 Capacidade: 0-25mm Resolu\u00e7\u00e3o: 0,01mm CARACTER\u00cdSTICAS: Fabricados em ferro fundido nodular, pintado e esmaltado Tambor, bainha e catraca em metal cromado fosco Press\u00e3o de medi\u00e7\u00e3o atrav\u00e9s de catraca na extremidade do tambor Trava de fixa\u00e7\u00e3o do fuso Faces de medi\u00e7\u00e3o em metal duro, micro lapidadas, para assegurar medi\u00e7\u00f5es [&hellip;]<\/p>\n","protected":false},"featured_media":384,"comment_status":"open","ping_status":"closed","template":"","meta":[],"product_cat":[25],"product_tag":[],"class_list":["post-383","product","type-product","status-publish","has-post-thumbnail","hentry","product_cat-dimensional"],"aioseo_notices":[],"_links":{"self":[{"href":"https:\/\/bratecrio.com.br\/index.php\/wp-json\/wp\/v2\/product\/383"}],"collection":[{"href":"https:\/\/bratecrio.com.br\/index.php\/wp-json\/wp\/v2\/product"}],"about":[{"href":"https:\/\/bratecrio.com.br\/index.php\/wp-json\/wp\/v2\/types\/product"}],"replies":[{"embeddable":true,"href":"https:\/\/bratecrio.com.br\/index.php\/wp-json\/wp\/v2\/comments?post=383"}],"wp:featuredmedia":[{"embeddable":true,"href":"https:\/\/bratecrio.com.br\/index.php\/wp-json\/wp\/v2\/media\/384"}],"wp:attachment":[{"href":"https:\/\/bratecrio.com.br\/index.php\/wp-json\/wp\/v2\/media?parent=383"}],"wp:term":[{"taxonomy":"product_cat","embeddable":true,"href":"https:\/\/bratecrio.com.br\/index.php\/wp-json\/wp\/v2\/product_cat?post=383"},{"taxonomy":"product_tag","embeddable":true,"href":"https:\/\/bratecrio.com.br\/index.php\/wp-json\/wp\/v2\/product_tag?post=383"}],"curies":[{"name":"wp","href":"https:\/\/api.w.org\/{rel}","templated":true}]}}