{"id":385,"date":"2023-08-16T18:47:41","date_gmt":"2023-08-16T18:47:41","guid":{"rendered":"https:\/\/bratecrio.com.br\/?post_type=product&#038;p=385"},"modified":"2023-08-16T19:11:00","modified_gmt":"2023-08-16T19:11:00","slug":"termometro-culinario-digital-espeto-alimento-cozinha-tp101-c-certificado-de-calibracao","status":"publish","type":"product","link":"https:\/\/bratecrio.com.br\/index.php\/produto\/termometro-culinario-digital-espeto-alimento-cozinha-tp101-c-certificado-de-calibracao\/","title":{"rendered":"Term\u00f4metro Culin\u00e1rio Digital Espeto Alimento Cozinha Tp101 c\/ certificado de calibra\u00e7\u00e3o"},"content":{"rendered":"<p>Especifica\u00e7\u00f5es:<\/p>\n<p>Term\u00f4metro Culin\u00e1rio Digital Espeto Alimentos Cozinha Tp101<\/p>\n<p>\u2013 Mede de -50\u00baC a +300\u00baC<\/p>\n<p>\u2013 Escala: 0,1 \u00baC<\/p>\n<p>\u2013 Bateria 1,5V AG13 (Inclusa)<\/p>\n<p>\u2013 Peso: 75g<\/p>\n<p>\u2013 Tamanho: 22,5cm<\/p>\n<p>\u2013 Modo de economia de energia: desliga automaticamente ap\u00f3s 10 minutos sem uso.<\/p>\n<p>Principais bot\u00f5es:<\/p>\n<p>\u2013 Ligar\/desligar, cent\u00edgrados\/Fahrenheit e Fun\u00e7\u00e3o Hold (Fixa \u00faltima medi\u00e7\u00e3o)<\/p>\n<p>\u2013 Mem\u00f3ria da \u00faltima medi\u00e7\u00e3o<\/p>\n<p>\u2013 Desligamento autom\u00e1tico para economia de energia<\/p>\n<p>Instru\u00e7\u00f5es<\/p>\n<p>1- Pressione o Bot\u00e3o Hold para fixar a temperatura quando estiver medindo e pressione novamente para iniciar uma nova medi\u00e7\u00e3o.<\/p>\n<p>2 \u2013 Pressione \u00baC e \u00baF para selecionar a escala que deseja utilizar.<\/p>\n<p>3 \u2013 On\/Off \u2013 Liga e desliga o aparelho<\/p>\n<p>4 \u2013 Max\/Min. Mostra a maior e a menor temperatura medida.<\/p>\n<p>Conte\u00fado:<br \/>\n1 &#8211; Term\u00f4metro Culin\u00e1rio Digital Espeto Alimentos Cozinha<\/p>\n<p>Com Certificado de Calibra\u00e7\u00e3o<\/p>\n","protected":false},"excerpt":{"rendered":"<p>Especifica\u00e7\u00f5es: Term\u00f4metro Culin\u00e1rio Digital Espeto Alimentos Cozinha Tp101 \u2013 Mede de -50\u00baC a +300\u00baC \u2013 Escala: 0,1 \u00baC \u2013 Bateria 1,5V AG13 (Inclusa) \u2013 Peso: 75g \u2013 Tamanho: 22,5cm \u2013 Modo de economia de energia: desliga automaticamente ap\u00f3s 10 minutos sem uso. Principais bot\u00f5es: \u2013 Ligar\/desligar, cent\u00edgrados\/Fahrenheit e Fun\u00e7\u00e3o Hold (Fixa \u00faltima medi\u00e7\u00e3o) \u2013 Mem\u00f3ria [&hellip;]<\/p>\n","protected":false},"featured_media":386,"comment_status":"open","ping_status":"closed","template":"","meta":[],"product_cat":[26],"product_tag":[],"class_list":["post-385","product","type-product","status-publish","has-post-thumbnail","hentry","product_cat-temperatura"],"aioseo_notices":[],"_links":{"self":[{"href":"https:\/\/bratecrio.com.br\/index.php\/wp-json\/wp\/v2\/product\/385"}],"collection":[{"href":"https:\/\/bratecrio.com.br\/index.php\/wp-json\/wp\/v2\/product"}],"about":[{"href":"https:\/\/bratecrio.com.br\/index.php\/wp-json\/wp\/v2\/types\/product"}],"replies":[{"embeddable":true,"href":"https:\/\/bratecrio.com.br\/index.php\/wp-json\/wp\/v2\/comments?post=385"}],"wp:featuredmedia":[{"embeddable":true,"href":"https:\/\/bratecrio.com.br\/index.php\/wp-json\/wp\/v2\/media\/386"}],"wp:attachment":[{"href":"https:\/\/bratecrio.com.br\/index.php\/wp-json\/wp\/v2\/media?parent=385"}],"wp:term":[{"taxonomy":"product_cat","embeddable":true,"href":"https:\/\/bratecrio.com.br\/index.php\/wp-json\/wp\/v2\/product_cat?post=385"},{"taxonomy":"product_tag","embeddable":true,"href":"https:\/\/bratecrio.com.br\/index.php\/wp-json\/wp\/v2\/product_tag?post=385"}],"curies":[{"name":"wp","href":"https:\/\/api.w.org\/{rel}","templated":true}]}}