{"id":389,"date":"2023-08-16T19:32:47","date_gmt":"2023-08-16T19:32:47","guid":{"rendered":"https:\/\/bratecrio.com.br\/?post_type=product&#038;p=389"},"modified":"2025-05-26T18:01:26","modified_gmt":"2025-05-26T18:01:26","slug":"termometro-de-vidro-hg-incoterm-5004-30-150oc-div-1oc-c-certificado-de-calibracao","status":"publish","type":"product","link":"https:\/\/bratecrio.com.br\/index.php\/produto\/termometro-de-vidro-hg-incoterm-5004-30-150oc-div-1oc-c-certificado-de-calibracao\/","title":{"rendered":"TERM\u00d4METRO DE VIDRO HG INCOTERM 5004 (-30\/+150\u00baC DIV. 1\u00baC) C\/ Certificado de Calibra\u00e7\u00e3o"},"content":{"rendered":"<p>Term\u00f4metro de l\u00edquido de vidro Incoterm 5004 escala &#8211; 10\u00b0C a + 150\u00b0C com divis\u00e3o de 1\u00b0C, com enchimento de Hg. Este instrumento tem a finalidade de realizar medi\u00e7\u00f5es de temperatura de medi\u00e7\u00f5es em geral.<br \/>\nTerm\u00f4metro de l\u00edquido de vidro, escala interna de vidro opalino, capilar transparente, enchimento merc\u00fario (Hg), di\u00e2metro 7-8 mm, fechamento com anel, imers\u00e3o total.<\/p>\n<p><strong>Especifica\u00e7\u00f5es T\u00e9cnicas<\/strong><br \/>\n&#8211; Escala: interna \/ &#8211; 10\u00b0C a + 150\u00b0C;<br \/>\n&#8211; Divis\u00e3o: 1\u00b0C;<br \/>\n&#8211; Capilar: transparente;<br \/>\n&#8211; Enchimento: Hg;<br \/>\n&#8211; Material: vidro;<br \/>\n&#8211; Di\u00e2metro: 7-8 mm;<br \/>\n&#8211; Comprimento: 260 mm;<br \/>\n&#8211; Imers\u00e3o: total;<br \/>\n&#8211; Limite de erro: \u00b11;<\/p>\n","protected":false},"excerpt":{"rendered":"<p>Term\u00f4metro de l\u00edquido de vidro Incoterm 5004 escala &#8211; 10\u00b0C a + 150\u00b0C com divis\u00e3o de 1\u00b0C, com enchimento de Hg. Este instrumento tem a finalidade de realizar medi\u00e7\u00f5es de temperatura de medi\u00e7\u00f5es em geral. Term\u00f4metro de l\u00edquido de vidro, escala interna de vidro opalino, capilar transparente, enchimento merc\u00fario (Hg), di\u00e2metro 7-8 mm, fechamento com [&hellip;]<\/p>\n","protected":false},"featured_media":390,"comment_status":"open","ping_status":"closed","template":"","meta":[],"product_cat":[26],"product_tag":[],"class_list":["post-389","product","type-product","status-publish","has-post-thumbnail","hentry","product_cat-temperatura"],"aioseo_notices":[],"_links":{"self":[{"href":"https:\/\/bratecrio.com.br\/index.php\/wp-json\/wp\/v2\/product\/389"}],"collection":[{"href":"https:\/\/bratecrio.com.br\/index.php\/wp-json\/wp\/v2\/product"}],"about":[{"href":"https:\/\/bratecrio.com.br\/index.php\/wp-json\/wp\/v2\/types\/product"}],"replies":[{"embeddable":true,"href":"https:\/\/bratecrio.com.br\/index.php\/wp-json\/wp\/v2\/comments?post=389"}],"wp:featuredmedia":[{"embeddable":true,"href":"https:\/\/bratecrio.com.br\/index.php\/wp-json\/wp\/v2\/media\/390"}],"wp:attachment":[{"href":"https:\/\/bratecrio.com.br\/index.php\/wp-json\/wp\/v2\/media?parent=389"}],"wp:term":[{"taxonomy":"product_cat","embeddable":true,"href":"https:\/\/bratecrio.com.br\/index.php\/wp-json\/wp\/v2\/product_cat?post=389"},{"taxonomy":"product_tag","embeddable":true,"href":"https:\/\/bratecrio.com.br\/index.php\/wp-json\/wp\/v2\/product_tag?post=389"}],"curies":[{"name":"wp","href":"https:\/\/api.w.org\/{rel}","templated":true}]}}