{"id":395,"date":"2023-08-16T20:04:15","date_gmt":"2023-08-16T20:04:15","guid":{"rendered":"https:\/\/bratecrio.com.br\/?post_type=product&#038;p=395"},"modified":"2023-08-16T20:04:15","modified_gmt":"2023-08-16T20:04:15","slug":"solucao-de-calibracao-mod-scr-200-compativel-com-refratometros","status":"publish","type":"product","link":"https:\/\/bratecrio.com.br\/index.php\/produto\/solucao-de-calibracao-mod-scr-200-compativel-com-refratometros\/","title":{"rendered":"SOLU\u00c7\u00c3O DE CALIBRA\u00c7\u00c3O MOD. SCR-200 COMPAT\u00cdVEL COM REFRAT\u00d4METROS"},"content":{"rendered":"<p>\u2022 Valor de Refra\u00e7\u00e3o: De 68,0% a 75,0% Brix (Valor aproximado, conferir r\u00f3tulo ao receber o produto ou solicitar a informa\u00e7\u00e3o em nosso chat ou em nossa central de vendas)<br \/>\n\u2022 Conte\u00fado: 2,5mL (aprox.)<br \/>\n\u2022 Temperatura de armazenamento: 15\u00b0C a 28\u00b0C<br \/>\n\u2022 Umidade de Armazenamento: &lt; 80% U.R<\/p>\n","protected":false},"excerpt":{"rendered":"<p>\u2022 Valor de Refra\u00e7\u00e3o: De 68,0% a 75,0% Brix (Valor aproximado, conferir r\u00f3tulo ao receber o produto ou solicitar a informa\u00e7\u00e3o em nosso chat ou em nossa central de vendas) \u2022 Conte\u00fado: 2,5mL (aprox.) \u2022 Temperatura de armazenamento: 15\u00b0C a 28\u00b0C \u2022 Umidade de Armazenamento: &lt; 80% U.R<\/p>\n","protected":false},"featured_media":396,"comment_status":"open","ping_status":"closed","template":"","meta":[],"product_cat":[29],"product_tag":[],"class_list":["post-395","product","type-product","status-publish","has-post-thumbnail","hentry","product_cat-acessorios"],"aioseo_notices":[],"_links":{"self":[{"href":"https:\/\/bratecrio.com.br\/index.php\/wp-json\/wp\/v2\/product\/395"}],"collection":[{"href":"https:\/\/bratecrio.com.br\/index.php\/wp-json\/wp\/v2\/product"}],"about":[{"href":"https:\/\/bratecrio.com.br\/index.php\/wp-json\/wp\/v2\/types\/product"}],"replies":[{"embeddable":true,"href":"https:\/\/bratecrio.com.br\/index.php\/wp-json\/wp\/v2\/comments?post=395"}],"wp:featuredmedia":[{"embeddable":true,"href":"https:\/\/bratecrio.com.br\/index.php\/wp-json\/wp\/v2\/media\/396"}],"wp:attachment":[{"href":"https:\/\/bratecrio.com.br\/index.php\/wp-json\/wp\/v2\/media?parent=395"}],"wp:term":[{"taxonomy":"product_cat","embeddable":true,"href":"https:\/\/bratecrio.com.br\/index.php\/wp-json\/wp\/v2\/product_cat?post=395"},{"taxonomy":"product_tag","embeddable":true,"href":"https:\/\/bratecrio.com.br\/index.php\/wp-json\/wp\/v2\/product_tag?post=395"}],"curies":[{"name":"wp","href":"https:\/\/api.w.org\/{rel}","templated":true}]}}