{"id":409,"date":"2023-08-17T13:26:48","date_gmt":"2023-08-17T13:26:48","guid":{"rendered":"https:\/\/bratecrio.com.br\/?post_type=product&#038;p=409"},"modified":"2023-08-17T13:26:48","modified_gmt":"2023-08-17T13:26:48","slug":"bomba-mod-bdx-ii-de-amostragem-de-poeira-e-gas-intrinsecamente-segura","status":"publish","type":"product","link":"https:\/\/bratecrio.com.br\/index.php\/produto\/bomba-mod-bdx-ii-de-amostragem-de-poeira-e-gas-intrinsecamente-segura\/","title":{"rendered":"BOMBA MOD. BDX-II DE AMOSTRAGEM DE POEIRA E G\u00c1S, INTRINSECAMENTE SEGURA"},"content":{"rendered":"<table border=\"1\">\n<tbody>\n<tr>\n<td><strong>Descri\u00e7\u00e3o<\/strong><\/td>\n<td>A BDX\u2161 \u00e9 uma bomba de amostragem gravim\u00e9trica de alto fluxo desenvolvida para ter a m\u00e1xima utilidade, simplicidade de opera\u00e7\u00e3o, longa dura\u00e7\u00e3o e facilidade de manuten\u00e7\u00e3o.<br \/>\nPossu\u00ed bateria recarreg\u00e1vel de longa dura\u00e7\u00e3o que pode ser recarregada enquanto estiverem conectadas ao aparelho. Ap\u00f3s recarga a bateria fornece carga suficiente para at\u00e9 10 horas de opera\u00e7\u00e3o cont\u00ednua.<br \/>\nClipe de cinto para ser portado pelo avaliado.<br \/>\nInv\u00f3lucro pl\u00e1stico de alto impacto e leve para maior durabilidade e portabilidade.<br \/>\nMedidor de fluxo incorporado de f\u00e1cil leitura (rot\u00e2metro)<br \/>\nGabinete externo de filtro, com lentes de monitoramento, para prote\u00e7\u00e3o dos componentes internos da bomba.<br \/>\nControle interruptor de for\u00e7a (chave liga \/ desliga) e controle de fluxo eletr\u00f4nico (trimpot).<\/td>\n<\/tr>\n<tr>\n<td><strong>Destaques<\/strong><\/td>\n<td>Intrinsecamente segura Classe\u2160, Div. \u2160, Grupos A, B, C e D \u2013 c\u00f3digo de temperatura T3C, bateria recarreg\u00e1vel, carregador bivolt.<\/td>\n<\/tr>\n<tr>\n<td><strong>Aplica\u00e7\u00f5es<\/strong><\/td>\n<td>An\u00e1lise de poeiras e fumos, podendo ser utilizada para analise de gases e vapores com a utiliza\u00e7\u00e3o do m\u00f3dulo de baixo fluxo (opcional), por t\u00e9cnicos e engenheiros de seguran\u00e7a do trabalho.<\/td>\n<\/tr>\n<\/tbody>\n<\/table>\n<ul>\n<li>Fornecemos com Certificado de Calibra\u00e7\u00e3o ( Opcional)<\/li>\n<\/ul>\n","protected":false},"excerpt":{"rendered":"<p>Descri\u00e7\u00e3o A BDX\u2161 \u00e9 uma bomba de amostragem gravim\u00e9trica de alto fluxo desenvolvida para ter a m\u00e1xima utilidade, simplicidade de opera\u00e7\u00e3o, longa dura\u00e7\u00e3o e facilidade de manuten\u00e7\u00e3o. Possu\u00ed bateria recarreg\u00e1vel de longa dura\u00e7\u00e3o que pode ser recarregada enquanto estiverem conectadas ao aparelho. Ap\u00f3s recarga a bateria fornece carga suficiente para at\u00e9 10 horas de opera\u00e7\u00e3o [&hellip;]<\/p>\n","protected":false},"featured_media":410,"comment_status":"open","ping_status":"closed","template":"","meta":[],"product_cat":[24],"product_tag":[],"class_list":["post-409","product","type-product","status-publish","has-post-thumbnail","hentry","product_cat-seguranca-do-trabalho"],"aioseo_notices":[],"_links":{"self":[{"href":"https:\/\/bratecrio.com.br\/index.php\/wp-json\/wp\/v2\/product\/409"}],"collection":[{"href":"https:\/\/bratecrio.com.br\/index.php\/wp-json\/wp\/v2\/product"}],"about":[{"href":"https:\/\/bratecrio.com.br\/index.php\/wp-json\/wp\/v2\/types\/product"}],"replies":[{"embeddable":true,"href":"https:\/\/bratecrio.com.br\/index.php\/wp-json\/wp\/v2\/comments?post=409"}],"wp:featuredmedia":[{"embeddable":true,"href":"https:\/\/bratecrio.com.br\/index.php\/wp-json\/wp\/v2\/media\/410"}],"wp:attachment":[{"href":"https:\/\/bratecrio.com.br\/index.php\/wp-json\/wp\/v2\/media?parent=409"}],"wp:term":[{"taxonomy":"product_cat","embeddable":true,"href":"https:\/\/bratecrio.com.br\/index.php\/wp-json\/wp\/v2\/product_cat?post=409"},{"taxonomy":"product_tag","embeddable":true,"href":"https:\/\/bratecrio.com.br\/index.php\/wp-json\/wp\/v2\/product_tag?post=409"}],"curies":[{"name":"wp","href":"https:\/\/api.w.org\/{rel}","templated":true}]}}