{"id":411,"date":"2023-08-17T13:29:21","date_gmt":"2023-08-17T13:29:21","guid":{"rendered":"https:\/\/bratecrio.com.br\/?post_type=product&#038;p=411"},"modified":"2025-05-26T22:04:33","modified_gmt":"2025-05-26T22:04:33","slug":"termometro-de-globo-medidor-de-stress-termico-mod-tgd-400-conforme-nova-revisao-nho-06","status":"publish","type":"product","link":"https:\/\/bratecrio.com.br\/index.php\/produto\/termometro-de-globo-medidor-de-stress-termico-mod-tgd-400-conforme-nova-revisao-nho-06\/","title":{"rendered":"Term\u00f4metro de Globo- MEDIDOR DE STRESS T\u00c9RMICO MOD. TGD-400 CONFORME NOVA REVIS\u00c3O NHO 06"},"content":{"rendered":"<p>O TGD-400 \u00e9 equipado com anem\u00f4metro de fio quente utilizado principalmente em medi\u00e7\u00f5es de baixa velocidade do ar conforme NR 17, sendo diferenciado dos anem\u00f4metros convencionais de h\u00e9lice que n\u00e3o permitem a medi\u00e7\u00e3o nessa faixa de velocidades. Atende a NHO 06 nova revis\u00e3o.<\/p>\n<p>\u2022 Display: Duplo de cristal l\u00edquido (LCD) de 3 \u00bd d\u00edgitos<br \/>\n\u2022 Escala: -10~150\u00baC<br \/>\n\u2022 Resolu\u00e7\u00e3o: 0,1\u00b0C<br \/>\n\u2022 Precis\u00e3o: \u00b1 0,5\u00b0C<br \/>\n\u2022 Fun\u00e7\u00e3o Anem\u00f4metro: (velocidade do vento)<br \/>\n&#8211; Escala: 0 &#8211; 20m\/s<br \/>\n&#8211; Resolu\u00e7\u00e3o: 0.1m\/s<br \/>\n&#8211; Precis\u00e3o: \u00b14% + 0.1m\/s<br \/>\n\u2022 Interface: serial RS-232<br \/>\n\u2022 Fun\u00e7\u00e3o Ponto de Orvalho: Escala: -5\u00ba a 60\u00baC<br \/>\n\u2022 Registrador de dados (datalogger): 128Kb de mem\u00f3ria<br \/>\n\u2022 Capacidade do datalogger autom\u00e1tico: 65.000 leituras<br \/>\n\u2022 Capacidade do datalogger manual: 99 leituras<br \/>\n\u2022 Data hold: Congela a leitura no display<br \/>\n\u2022 Efetua o c\u00e1lculo de IBUTG interno e externo automaticamente<br \/>\n\u2022 Taxa de amostragem: 1\/ segundo<br \/>\n\u2022 Mem\u00f3ria MAX\/MIN: Exibe a leitura m\u00e1xima e m\u00ednima efetuada<br \/>\n\u2022 Fun\u00e7\u00e3o: Data e Hora<br \/>\n\u2022 Marcador do tempo de avalia\u00e7\u00e3o<br \/>\n\u2022 Exibe leituras em: \u00b0C ou \u00b0F<br \/>\n\u2022 Indica\u00e7\u00e3o de bateria fraca<br \/>\n\u2022 Desligamento autom\u00e1tico: Program\u00e1vel<br \/>\n\u2022 Temperatura de opera\u00e7\u00e3o:<br \/>\n&#8211; M\u00f3dulo sensor: -5\u00b0C a 100\u00b0C<br \/>\n&#8211; M\u00f3dulo monitor: 10\u00b0C a 60\u00b0C<br \/>\n\u2022 Avalia\u00e7\u00e3o do ambiente de trabalho diretamente no software<br \/>\n\u2022 Gr\u00e1fico de todos os \u00edndices simult\u00e2neos em tempo real atrav\u00e9s do Software<br \/>\n\u2022 Umidade de opera\u00e7\u00e3o: 0 a 85% UR (monitor)<br \/>\n\u2022 Temperatura de armazenagem: -10\u00b0C a 60\u00b0C<br \/>\n\u2022 Umidade de armazenagem: abaixo de 70%UR<br \/>\n\u2022 Fornecimento de relat\u00f3rios em listas e gr\u00e1ficos<br \/>\n\u2022 Sistema Operacional: XP, Vista, Seven, 8 e 10 (32 e 64 Bits)<br \/>\n\u2022 Teclado, Painel e software em l\u00edngua portuguesa<br \/>\n\u2022 Alimenta\u00e7\u00e3o: Bateria de 9V ou adaptador AC\/DC mod. AC-300 (\u00cdtem opcional)<br \/>\n\u2022 Dura\u00e7\u00e3o da bateria (alcalina): 4 horas<br \/>\n\u2022 Dimens\u00f5es: 221 x 154 x 53mm<br \/>\n\u2022 Peso: 640g<\/p>\n<p>M\u00d3DULO DOS SENSORES DESTAC\u00c1VEL<\/p>\n<p>\u2022 Bulbo \u00famido: Haste c\/ copo de 50ml e pavio de algod\u00e3o<br \/>\n\u2022 Haste com sensor anem\u00f4metro<br \/>\n\u2022 Bulbo seco: Haste para temperatura do ambiente<br \/>\n\u2022 Esfera T\u00e9rmica: De cobre com di\u00e2metro de 6\u201d (152,4mm), com haste central<br \/>\nObs: As hastes tem di\u00e2metro de 4mm x 63mm de comprimento<br \/>\n\u2022 Dimens\u00f5es: 153 x 23 x 53mm<br \/>\n\u2022 Rosca para trip\u00e9: 3\/8&#8243;<br \/>\n\u2022 Peso: 450g<\/p>\n","protected":false},"excerpt":{"rendered":"<p>O TGD-400 \u00e9 equipado com anem\u00f4metro de fio quente utilizado principalmente em medi\u00e7\u00f5es de baixa velocidade do ar conforme NR 17, sendo diferenciado dos anem\u00f4metros convencionais de h\u00e9lice que n\u00e3o permitem a medi\u00e7\u00e3o nessa faixa de velocidades. Atende a NHO 06 nova revis\u00e3o. \u2022 Display: Duplo de cristal l\u00edquido (LCD) de 3 \u00bd d\u00edgitos \u2022 [&hellip;]<\/p>\n","protected":false},"featured_media":412,"comment_status":"open","ping_status":"closed","template":"","meta":[],"product_cat":[23],"product_tag":[],"class_list":["post-411","product","type-product","status-publish","has-post-thumbnail","hentry","product_cat-sem-categoria"],"aioseo_notices":[],"_links":{"self":[{"href":"https:\/\/bratecrio.com.br\/index.php\/wp-json\/wp\/v2\/product\/411"}],"collection":[{"href":"https:\/\/bratecrio.com.br\/index.php\/wp-json\/wp\/v2\/product"}],"about":[{"href":"https:\/\/bratecrio.com.br\/index.php\/wp-json\/wp\/v2\/types\/product"}],"replies":[{"embeddable":true,"href":"https:\/\/bratecrio.com.br\/index.php\/wp-json\/wp\/v2\/comments?post=411"}],"wp:featuredmedia":[{"embeddable":true,"href":"https:\/\/bratecrio.com.br\/index.php\/wp-json\/wp\/v2\/media\/412"}],"wp:attachment":[{"href":"https:\/\/bratecrio.com.br\/index.php\/wp-json\/wp\/v2\/media?parent=411"}],"wp:term":[{"taxonomy":"product_cat","embeddable":true,"href":"https:\/\/bratecrio.com.br\/index.php\/wp-json\/wp\/v2\/product_cat?post=411"},{"taxonomy":"product_tag","embeddable":true,"href":"https:\/\/bratecrio.com.br\/index.php\/wp-json\/wp\/v2\/product_tag?post=411"}],"curies":[{"name":"wp","href":"https:\/\/api.w.org\/{rel}","templated":true}]}}