{"id":413,"date":"2023-08-17T13:33:17","date_gmt":"2023-08-17T13:33:17","guid":{"rendered":"https:\/\/bratecrio.com.br\/?post_type=product&#038;p=413"},"modified":"2025-05-27T16:26:04","modified_gmt":"2025-05-27T16:26:04","slug":"dosimetro-de-ruido-mod-dos-1000x-digital-c-faixa-de-medicao-35-a-140-db-memoria-p-680-horas-de-medicao-50-eventos-luzes-espias-microfone-mems-c-filtro-de-banda-tela-de-oled-tecnologia-wheel","status":"publish","type":"product","link":"https:\/\/bratecrio.com.br\/index.php\/produto\/dosimetro-de-ruido-mod-dos-1000x-digital-c-faixa-de-medicao-35-a-140-db-memoria-p-680-horas-de-medicao-50-eventos-luzes-espias-microfone-mems-c-filtro-de-banda-tela-de-oled-tecnologia-wheel\/","title":{"rendered":"DOS\u00cdMETRO DE RU\u00cdDO MOD. DOS-1000X DIGITAL C\/ FAIXA DE MEDI\u00c7\u00c3O 35 A 140 DB"},"content":{"rendered":"<p>Faixa de medi\u00e7\u00e3o de 35 a 140 (dB A)<\/p>\n<p>MEM\u00d3RIA P\/ 680 HORAS DE MEDI\u00c7\u00c3O, 50 EVENTOS, LUZES ESPIAS, MICROFONE MEMS, C\/ FILTRO DE BANDA, TELA DE OLED, TECNOLOGIA WHEEL.<br \/>\n\u2022 Microfone digital MEMS c\/ prote\u00e7\u00e3o de alum\u00ednio de \u00bd polegada<br \/>\n\u2022 Tela de OLED colorido de 40 mm com ilumina\u00e7\u00e3o de fundo<br \/>\n\u2022 Filtro de banda de 1\/1 ou 1\/3 de oitava em tempo real e no relat\u00f3rio<br \/>\n\u2022 Teclado tipo Wheel para navega\u00e7\u00e3o e apenas 1 bot\u00e3o central para confirma\u00e7\u00e3o de informa\u00e7\u00f5es e configura\u00e7\u00f5es<br \/>\n\u2022 Pondera\u00e7\u00f5es em frequ\u00eancia: A, C e Z (linear)<br \/>\n\u2022 Pondera\u00e7\u00f5es no tempo: Fast, Slow e Impulse<br \/>\n\u2022 Detec\u00e7\u00e3o de pico<br \/>\n\u2022 Detec\u00e7\u00e3o de n\u00edvel acima de 115 dB<br \/>\n\u2022 N\u00edvel m\u00e1ximo e m\u00ednimo<br \/>\n\u2022 Par\u00e2metros de medi\u00e7\u00e3o: Dose, Pdose, NEN, NE, Exp, TWA, PTWA, LAVG, Leq, Lmax, Lmin, Tlmax, Tlmin<br \/>\n\u2022 Atualiza\u00e7\u00e3o de firmware dispon\u00edveis no site (quando houverem atualiza\u00e7\u00f5es)<br \/>\n\u2022 Gr\u00e1fico embarcado para filtro de banda e hist\u00f3rico de LEQ a cada segundo<br \/>\n\u2022 Software c\/ gr\u00e1fico de histograma e hist\u00f3rico de n\u00edvel sonoro para 3 dosimetrias simult\u00e2neas<br \/>\n\u2022 Intervalo de amostragem de 1 a 10 minutos<br \/>\n\u2022 Registro de ajuste ac\u00fastico antes e ap\u00f3s a medi\u00e7\u00e3o e registro do \u00faltimo ajuste realizado c\/ calend\u00e1rio<br \/>\n\u2022 Hist\u00f3rico c\/ modo de visualiza\u00e7\u00e3o das \u00faltimas 20 medi\u00e7\u00f5es diretamente no instrumento<br \/>\n\u2022 Programa\u00e7\u00e3o de medi\u00e7\u00e3o de intervalo (hora do almo\u00e7o), in\u00edcio e t\u00e9rmino de forma simplificada pelo pr\u00f3prio instrumento<br \/>\n\u2022 Interface USB<br \/>\n\u2022 Bateria de Pol\u00edmero de l\u00edtio c\/ 20 horas de dura\u00e7\u00e3o e medidor de n\u00edvel em porcentagem<br \/>\n\u2022 Peso aprox. 67 gramas<br \/>\n\u2022 Dimens\u00f5es: 125x42x15 mm<br \/>\n\u2022 Normas: IEC 61252:2002-03,ANSI S1.25-2007, IEC 60651:1979, IEC 60804:2000-10, IEC 61260-1, IEC 61672-1 (teste el\u00e9trico), NHO 01:2001, NR-15<\/p>\n<p>\u2022 Temperatura de opera\u00e7\u00e3o: 0 a 70 (\u00baC ) e 32 a 158 (\u00baF)<\/p>\n<p>\u2022 Umidade de opera\u00e7\u00e3o: 10 a 90% de (UR)<\/p>\n<p>\u2022 Alimenta\u00e7\u00e3o: Bateria de Pol\u00edmero de l\u00edtio 3,7V \/ 1000 mAh<br \/>\n\u2022 Peso: Aprox. 67 gramas<\/p>\n<p>\u2022 Dimens\u00f5es: 125,7 mm (C) \u00d7 42,4 mm (L) \u00d7 15,2 mm (A) \/ 4,95\u201d (C) \u00d7 1,67\u201d (L) \u00d7 0,6\u201d (A) pol. (com protetor de vento)<\/p>\n<p>&nbsp;<\/p>\n","protected":false},"excerpt":{"rendered":"<p>Faixa de medi\u00e7\u00e3o de 35 a 140 (dB A) MEM\u00d3RIA P\/ 680 HORAS DE MEDI\u00c7\u00c3O, 50 EVENTOS, LUZES ESPIAS, MICROFONE MEMS, C\/ FILTRO DE BANDA, TELA DE OLED, TECNOLOGIA WHEEL. \u2022 Microfone digital MEMS c\/ prote\u00e7\u00e3o de alum\u00ednio de \u00bd polegada \u2022 Tela de OLED colorido de 40 mm com ilumina\u00e7\u00e3o de fundo \u2022 Filtro [&hellip;]<\/p>\n","protected":false},"featured_media":414,"comment_status":"open","ping_status":"closed","template":"","meta":[],"product_cat":[23,24],"product_tag":[],"class_list":["post-413","product","type-product","status-publish","has-post-thumbnail","hentry","product_cat-sem-categoria","product_cat-seguranca-do-trabalho"],"aioseo_notices":[],"_links":{"self":[{"href":"https:\/\/bratecrio.com.br\/index.php\/wp-json\/wp\/v2\/product\/413"}],"collection":[{"href":"https:\/\/bratecrio.com.br\/index.php\/wp-json\/wp\/v2\/product"}],"about":[{"href":"https:\/\/bratecrio.com.br\/index.php\/wp-json\/wp\/v2\/types\/product"}],"replies":[{"embeddable":true,"href":"https:\/\/bratecrio.com.br\/index.php\/wp-json\/wp\/v2\/comments?post=413"}],"wp:featuredmedia":[{"embeddable":true,"href":"https:\/\/bratecrio.com.br\/index.php\/wp-json\/wp\/v2\/media\/414"}],"wp:attachment":[{"href":"https:\/\/bratecrio.com.br\/index.php\/wp-json\/wp\/v2\/media?parent=413"}],"wp:term":[{"taxonomy":"product_cat","embeddable":true,"href":"https:\/\/bratecrio.com.br\/index.php\/wp-json\/wp\/v2\/product_cat?post=413"},{"taxonomy":"product_tag","embeddable":true,"href":"https:\/\/bratecrio.com.br\/index.php\/wp-json\/wp\/v2\/product_tag?post=413"}],"curies":[{"name":"wp","href":"https:\/\/api.w.org\/{rel}","templated":true}]}}