{"id":415,"date":"2023-08-17T13:42:08","date_gmt":"2023-08-17T13:42:08","guid":{"rendered":"https:\/\/bratecrio.com.br\/?post_type=product&#038;p=415"},"modified":"2023-08-17T13:42:08","modified_gmt":"2023-08-17T13:42:08","slug":"pena-descartavel-para-termohigrografo","status":"publish","type":"product","link":"https:\/\/bratecrio.com.br\/index.php\/produto\/pena-descartavel-para-termohigrografo\/","title":{"rendered":"Pena descart\u00e1vel para termohigr\u00f3grafo"},"content":{"rendered":"<p>Descri\u00e7\u00e3o:<br \/>\nFornecido a unidade<br \/>\nCores: Azul, Preto, Vermelho<br \/>\nFavor Consulta de Tamanho e Cor<\/p>\n","protected":false},"excerpt":{"rendered":"<p>Descri\u00e7\u00e3o: Fornecido a unidade Cores: Azul, Preto, Vermelho Favor Consulta de Tamanho e Cor<\/p>\n","protected":false},"featured_media":416,"comment_status":"open","ping_status":"closed","template":"","meta":[],"product_cat":[23],"product_tag":[],"class_list":["post-415","product","type-product","status-publish","has-post-thumbnail","hentry","product_cat-sem-categoria"],"aioseo_notices":[],"_links":{"self":[{"href":"https:\/\/bratecrio.com.br\/index.php\/wp-json\/wp\/v2\/product\/415"}],"collection":[{"href":"https:\/\/bratecrio.com.br\/index.php\/wp-json\/wp\/v2\/product"}],"about":[{"href":"https:\/\/bratecrio.com.br\/index.php\/wp-json\/wp\/v2\/types\/product"}],"replies":[{"embeddable":true,"href":"https:\/\/bratecrio.com.br\/index.php\/wp-json\/wp\/v2\/comments?post=415"}],"wp:featuredmedia":[{"embeddable":true,"href":"https:\/\/bratecrio.com.br\/index.php\/wp-json\/wp\/v2\/media\/416"}],"wp:attachment":[{"href":"https:\/\/bratecrio.com.br\/index.php\/wp-json\/wp\/v2\/media?parent=415"}],"wp:term":[{"taxonomy":"product_cat","embeddable":true,"href":"https:\/\/bratecrio.com.br\/index.php\/wp-json\/wp\/v2\/product_cat?post=415"},{"taxonomy":"product_tag","embeddable":true,"href":"https:\/\/bratecrio.com.br\/index.php\/wp-json\/wp\/v2\/product_tag?post=415"}],"curies":[{"name":"wp","href":"https:\/\/api.w.org\/{rel}","templated":true}]}}