{"id":484,"date":"2023-08-22T16:38:35","date_gmt":"2023-08-22T16:38:35","guid":{"rendered":"https:\/\/bratecrio.com.br\/?post_type=product&#038;p=484"},"modified":"2025-05-27T20:57:38","modified_gmt":"2025-05-27T20:57:38","slug":"refratometro-portatil-para-acucar-mod-rt-60-atc-instrutherm-28-a-62-prix","status":"publish","type":"product","link":"https:\/\/bratecrio.com.br\/index.php\/produto\/refratometro-portatil-para-acucar-mod-rt-60-atc-instrutherm-28-a-62-prix\/","title":{"rendered":"Refrat\u00f4metro Port\u00e1til para a\u00e7\u00facar Mod RT-90 ATC Instrutherm 28 a 62% Prix"},"content":{"rendered":"<p><span style=\"font-family: Verdana,Helvetica;font-size: xx-small\"><b>Descri\u00e7\u00e3o:<\/b><\/span><\/p>\n<p><span style=\"font-family: Verdana,Helvetica;font-size: xx-small\">Refrat\u00f4metro RT-60ATC (28 a 62% BRIX)<\/span><\/p>\n<p><b>Caracteristicas:<\/b><\/p>\n<ul>\n<li><span style=\"font-family: Verdana,Helvetica;font-size: xx-small\">Escala: 28 ~ 62% BRIX<\/span><\/li>\n<li><span style=\"font-family: Verdana,Helvetica;font-size: xx-small\">Resolu\u00e7\u00e3o: 0.2% BRIX<\/span><\/li>\n<li><span style=\"font-family: Verdana,Helvetica;font-size: xx-small\">Compensa\u00e7\u00e3o de temperatura: Autom\u00e1tica (10 a 30\u00baC)<\/span><\/li>\n<li><span style=\"font-family: Verdana,Helvetica;font-size: xx-small\">Dimens\u00f5es \/ Peso : 29 \u00d7 40 \u00d7 148 mm \/ 215g<\/span><\/li>\n<li><span style=\"font-family: Verdana,Helvetica;font-size: xx-small\">Aplica\u00e7\u00e3o: Utilizado para determinar a concentra\u00e7\u00e3o de a\u00e7\u00facar em sucos de fruta concentrados, produtos em conserva que utilizem infus\u00e3o de a\u00e7\u00facar como conservante, etc.<\/span><\/li>\n<li><span style=\"font-family: Verdana,Helvetica;font-size: xx-small\">Fornecidos: Estojo mod. ES-07, conta gotas, chave de calibra\u00e7\u00e3o e manual de instru\u00e7\u00f5es.<\/span><\/li>\n<li><span style=\"font-family: Verdana,Helvetica;font-size: xx-small\"><span style=\"font-family: Verdana,Helvetica;font-size: xx-small\">Opcionais: Certificado de Calibra\u00e7\u00e3o<\/span><\/span>Fabricante: Instrutherm<br \/>\nProced\u00eancia:Brasil<\/li>\n<\/ul>\n","protected":false},"excerpt":{"rendered":"<p>Descri\u00e7\u00e3o: Refrat\u00f4metro RT-60ATC (28 a 62% BRIX) Caracteristicas: Escala: 28 ~ 62% BRIX Resolu\u00e7\u00e3o: 0.2% BRIX Compensa\u00e7\u00e3o de temperatura: Autom\u00e1tica (10 a 30\u00baC) Dimens\u00f5es \/ Peso : 29 \u00d7 40 \u00d7 148 mm \/ 215g Aplica\u00e7\u00e3o: Utilizado para determinar a concentra\u00e7\u00e3o de a\u00e7\u00facar em sucos de fruta concentrados, produtos em conserva que utilizem infus\u00e3o de [&hellip;]<\/p>\n","protected":false},"featured_media":485,"comment_status":"open","ping_status":"closed","template":"","meta":[],"product_cat":[23],"product_tag":[],"class_list":["post-484","product","type-product","status-publish","has-post-thumbnail","hentry","product_cat-sem-categoria"],"aioseo_notices":[],"_links":{"self":[{"href":"https:\/\/bratecrio.com.br\/index.php\/wp-json\/wp\/v2\/product\/484"}],"collection":[{"href":"https:\/\/bratecrio.com.br\/index.php\/wp-json\/wp\/v2\/product"}],"about":[{"href":"https:\/\/bratecrio.com.br\/index.php\/wp-json\/wp\/v2\/types\/product"}],"replies":[{"embeddable":true,"href":"https:\/\/bratecrio.com.br\/index.php\/wp-json\/wp\/v2\/comments?post=484"}],"wp:featuredmedia":[{"embeddable":true,"href":"https:\/\/bratecrio.com.br\/index.php\/wp-json\/wp\/v2\/media\/485"}],"wp:attachment":[{"href":"https:\/\/bratecrio.com.br\/index.php\/wp-json\/wp\/v2\/media?parent=484"}],"wp:term":[{"taxonomy":"product_cat","embeddable":true,"href":"https:\/\/bratecrio.com.br\/index.php\/wp-json\/wp\/v2\/product_cat?post=484"},{"taxonomy":"product_tag","embeddable":true,"href":"https:\/\/bratecrio.com.br\/index.php\/wp-json\/wp\/v2\/product_tag?post=484"}],"curies":[{"name":"wp","href":"https:\/\/api.w.org\/{rel}","templated":true}]}}