{"id":488,"date":"2023-08-22T17:04:44","date_gmt":"2023-08-22T17:04:44","guid":{"rendered":"https:\/\/bratecrio.com.br\/?post_type=product&#038;p=488"},"modified":"2023-08-22T17:04:44","modified_gmt":"2023-08-22T17:04:44","slug":"cronometro-digital-xl-021-water-resist-com-certificado-de-calibracao","status":"publish","type":"product","link":"https:\/\/bratecrio.com.br\/index.php\/produto\/cronometro-digital-xl-021-water-resist-com-certificado-de-calibracao\/","title":{"rendered":"Cron\u00f4metro digital XL 021 Water Resist com Certificado de Calibra\u00e7\u00e3o"},"content":{"rendered":"<p>Cronometro Digital Esportivo Profissional Rel\u00f3gio Xl-021 \u00a0 O produto \u00e9 um cron\u00f4metro digital, muito bem constru\u00eddo e com excelente custo, ideal para atividades esportivas, tem fun\u00e7\u00e3o de rel\u00f3gio e cron\u00f4metro digital. Muito leve e discreto, funciona com bateria bot\u00e3o, acompanha tira esportiva que facilita o uso e transporte. \u00a0 &#8211; Alarme &#8211; Fun\u00e7\u00e3o Start\/Stop (para o cron\u00f4metro e continua a contagem) &#8211; Fun\u00e7\u00e3o Start\/Stop (para o cron\u00f4metro e n\u00e3o continua a contagem) &#8211; Fun\u00e7\u00e3o Reset (zera o cron\u00f4metro) \u00a0 Especifica\u00e7\u00f5es: \u00a0 \u2022 Cor: Preto \u00a0 \u2022 Dimens\u00f5es: 7 x 5 x 2cm \u00a0 \u2022 Peso: 35g<\/p>\n<ul>\n<li>Certificado de Calibra\u00e7\u00e3o Incluso<\/li>\n<\/ul>\n","protected":false},"excerpt":{"rendered":"<p>Cronometro Digital Esportivo Profissional Rel\u00f3gio Xl-021 \u00a0 O produto \u00e9 um cron\u00f4metro digital, muito bem constru\u00eddo e com excelente custo, ideal para atividades esportivas, tem fun\u00e7\u00e3o de rel\u00f3gio e cron\u00f4metro digital. Muito leve e discreto, funciona com bateria bot\u00e3o, acompanha tira esportiva que facilita o uso e transporte. \u00a0 &#8211; Alarme &#8211; Fun\u00e7\u00e3o Start\/Stop (para [&hellip;]<\/p>\n","protected":false},"featured_media":490,"comment_status":"open","ping_status":"closed","template":"","meta":[],"product_cat":[31],"product_tag":[],"class_list":["post-488","product","type-product","status-publish","has-post-thumbnail","hentry","product_cat-tempo"],"aioseo_notices":[],"_links":{"self":[{"href":"https:\/\/bratecrio.com.br\/index.php\/wp-json\/wp\/v2\/product\/488"}],"collection":[{"href":"https:\/\/bratecrio.com.br\/index.php\/wp-json\/wp\/v2\/product"}],"about":[{"href":"https:\/\/bratecrio.com.br\/index.php\/wp-json\/wp\/v2\/types\/product"}],"replies":[{"embeddable":true,"href":"https:\/\/bratecrio.com.br\/index.php\/wp-json\/wp\/v2\/comments?post=488"}],"wp:featuredmedia":[{"embeddable":true,"href":"https:\/\/bratecrio.com.br\/index.php\/wp-json\/wp\/v2\/media\/490"}],"wp:attachment":[{"href":"https:\/\/bratecrio.com.br\/index.php\/wp-json\/wp\/v2\/media?parent=488"}],"wp:term":[{"taxonomy":"product_cat","embeddable":true,"href":"https:\/\/bratecrio.com.br\/index.php\/wp-json\/wp\/v2\/product_cat?post=488"},{"taxonomy":"product_tag","embeddable":true,"href":"https:\/\/bratecrio.com.br\/index.php\/wp-json\/wp\/v2\/product_tag?post=488"}],"curies":[{"name":"wp","href":"https:\/\/api.w.org\/{rel}","templated":true}]}}