{"id":498,"date":"2023-08-22T18:16:11","date_gmt":"2023-08-22T18:16:11","guid":{"rendered":"https:\/\/bratecrio.com.br\/?post_type=product&#038;p=498"},"modified":"2026-03-07T07:56:26","modified_gmt":"2026-03-07T07:56:26","slug":"termo-higrometro-digital-mod-htc-1-c-certificado-de-calibracao-incluso","status":"publish","type":"product","link":"https:\/\/bratecrio.com.br\/index.php\/produto\/termo-higrometro-digital-mod-htc-1-c-certificado-de-calibracao-incluso\/","title":{"rendered":"Termo- higr\u00f4metro Digital Mod HTC 1 C\/ Certificado de Calibra\u00e7\u00e3o Incluso"},"content":{"rendered":"<p>Caracter\u00edsticas principais<br \/>\nModelo HTC-1<br \/>\nOutras caracter\u00edsticas<br \/>\nAplica\u00e7\u00e3o: Medidor de Temperatura e Umidade,Higrometro Digital,Medidor de Temperatura Ambie<br \/>\nPercentagem m\u00ednima de umidade &#8211; Percentagem m\u00e1xima de umidade: 10 % &#8211; 99 %<br \/>\nAlimenta\u00e7\u00e3o: 1&#215;1,5 V (bateria tamanho AAA)<br \/>\nDescri\u00e7\u00e3o<br \/>\nEspecifica\u00e7\u00f5es t\u00e9cnicas do produto<br \/>\nFaixa medi\u00e7\u00e3o temperatura: -10? ~ +50? (+14? ~ +122?)<br \/>\nFaixa medi\u00e7\u00e3o umidade: 10% ~ 99%;<br \/>\nFonte de alimenta\u00e7\u00e3o: 1&#215;1,5 V (bateria tamanho AAA).<\/p>\n<p>Caracter\u00edsticas<br \/>\nIndicador de temperatura interna<br \/>\nIndicador de umidade interna<br \/>\nUnidade de temperatura vari\u00e1vel (? \/ ?)<br \/>\nFun\u00e7\u00e3o de mem\u00f3ria: armazena os valores MAX \/ MIN de temperatura e umidade<br \/>\n2 modos de exibi\u00e7\u00e3o de tempo: 12h \/ 24h<br \/>\nFun\u00e7\u00e3o de exibi\u00e7\u00e3o de data e hora: alternar automaticamente entre intervalos de dois por cinco<br \/>\nsegundos<br \/>\nFun\u00e7\u00e3o de alarme (alarme de notifica\u00e7\u00e3o de hora em hora e alarme di\u00e1rio)<\/p>\n<p>Modo opera\u00e7\u00e3o<br \/>\nRemova a tampa do compartimento da bateria, insira a bateria 1xAAA, recoloque a tampa e o<br \/>\nO medidor come\u00e7a a funcionar.<br \/>\nFun\u00e7\u00f5es dos bot\u00f5es:<br \/>\n[MODE] &#8211; selecione pressione para alternar o modo de exibi\u00e7\u00e3o entre rel\u00f3gio, alarme e data<br \/>\nMantenha pressionado [MODE] para definir a hora, data e alarme (pressione [ADJ] para ajustar os valores e pressione<br \/>\n[MODO] para definir o valor.)<br \/>\n[ADJ] define os valores de data e hora no modo de configura\u00e7\u00e3o.<br \/>\n[? \/ ?] (atr\u00e1s do colchete) muda a unidade de temperatura de Celsius ( c) para Fahrenheit (?).<br \/>\n[RESET] (atr\u00e1s do colchete) zera todos os valores (m\u00e1ximo \/ m\u00ednimo, hora e data).<br \/>\n[Memory]: Escolha a tecla para exibir os valores MAX e MIN armazenados para temperatura e<br \/>\numidade.<br \/>\nPressione e segure [MEMORY] para apagar os valores armazenados<br \/>\nQuando a hora do alarme for exibida, pressione o bot\u00e3o [ADJ] para ligar ou desligar o alarme.<br \/>\n() Quando este s\u00edmbolo aparece, o alarme di\u00e1rio \u00e9 ativado<br \/>\n() Quando este s\u00edmbolo aparece, o alarme \u00e9 ativado a cada hora (o medidor ir\u00e1 soar a cada hora)<br \/>\nMantenha pressionado [MODE] por 2 segundos para definir a hora do alarme.<\/p>\n<p>Aten\u00e7\u00e3o<br \/>\nSe valores anormais forem exibidos, remova a bateria e substitua-a ap\u00f3s 2 segundos para reiniciar o<br \/>\ncontador ou pressione o bot\u00e3o de reset atr\u00e1s do mastro.<br \/>\nDescarte as baterias usadas de maneira adequada.<\/p>\n<p>&nbsp;<\/p>\n<p>COM CERTIFICADO DE CALIBRA\u00c7\u00c3O INCLUSO<\/p>\n","protected":false},"excerpt":{"rendered":"<p>Caracter\u00edsticas principais Modelo HTC-1 Outras caracter\u00edsticas Aplica\u00e7\u00e3o: Medidor de Temperatura e Umidade,Higrometro Digital,Medidor de Temperatura Ambie Percentagem m\u00ednima de umidade &#8211; Percentagem m\u00e1xima de umidade: 10 % &#8211; 99 % Alimenta\u00e7\u00e3o: 1&#215;1,5 V (bateria tamanho AAA) Descri\u00e7\u00e3o Especifica\u00e7\u00f5es t\u00e9cnicas do produto Faixa medi\u00e7\u00e3o temperatura: -10? ~ +50? (+14? ~ +122?) Faixa medi\u00e7\u00e3o umidade: 10% ~ [&hellip;]<\/p>\n","protected":false},"featured_media":499,"comment_status":"open","ping_status":"closed","template":"","meta":[],"product_cat":[26],"product_tag":[],"class_list":["post-498","product","type-product","status-publish","has-post-thumbnail","hentry","product_cat-temperatura"],"aioseo_notices":[],"_links":{"self":[{"href":"https:\/\/bratecrio.com.br\/index.php\/wp-json\/wp\/v2\/product\/498"}],"collection":[{"href":"https:\/\/bratecrio.com.br\/index.php\/wp-json\/wp\/v2\/product"}],"about":[{"href":"https:\/\/bratecrio.com.br\/index.php\/wp-json\/wp\/v2\/types\/product"}],"replies":[{"embeddable":true,"href":"https:\/\/bratecrio.com.br\/index.php\/wp-json\/wp\/v2\/comments?post=498"}],"wp:featuredmedia":[{"embeddable":true,"href":"https:\/\/bratecrio.com.br\/index.php\/wp-json\/wp\/v2\/media\/499"}],"wp:attachment":[{"href":"https:\/\/bratecrio.com.br\/index.php\/wp-json\/wp\/v2\/media?parent=498"}],"wp:term":[{"taxonomy":"product_cat","embeddable":true,"href":"https:\/\/bratecrio.com.br\/index.php\/wp-json\/wp\/v2\/product_cat?post=498"},{"taxonomy":"product_tag","embeddable":true,"href":"https:\/\/bratecrio.com.br\/index.php\/wp-json\/wp\/v2\/product_tag?post=498"}],"curies":[{"name":"wp","href":"https:\/\/api.w.org\/{rel}","templated":true}]}}