{"id":501,"date":"2023-08-22T18:26:44","date_gmt":"2023-08-22T18:26:44","guid":{"rendered":"https:\/\/bratecrio.com.br\/?post_type=product&#038;p=501"},"modified":"2025-04-12T10:15:59","modified_gmt":"2025-04-12T10:15:59","slug":"ponta-termopar-penetracao-ambiente-s-04k","status":"publish","type":"product","link":"https:\/\/bratecrio.com.br\/index.php\/produto\/ponta-termopar-penetracao-ambiente-s-04k\/","title":{"rendered":"Ponta Termopar Penetra\u00e7\u00e3o ambiente S-04K"},"content":{"rendered":"<div class=\"sc-dAlyuH fuMQye sc-jlZhew gnIXvv sc-dLMFU kZAmPK sc-dLMFU kZAmPK\" data-testid=\"item\">\n<h2 class=\"sc-kpDqfm SqDpH\" data-testid=\"main-title\">Informa\u00e7\u00f5es do Produto<\/h2>\n<\/div>\n<div class=\"sc-fqkvVR brzqJX sc-jEACwC heJXky sc-eDPEul bGQnla sc-eDPEul bGQnla\" data-testid=\"item-content\">SENSOR MOD. S-04K DE PENETRA\u00c7\u00c3O DESCRI\u00c7\u00c3O: Sensor mod. s-04k de penetra\u00e7\u00e3o Obs.: Fabricamos sensores especiais sob encomenda. ESPECIFICA\u00c7\u00d5ES T\u00c9CNICAS: Precis\u00e3o: 0,5% Temperatura m\u00e1xima de isola\u00e7\u00e3o (Cabo): 60\u00b0C Sensor tipo K Faixa de temperatura: -50 a 850 oC Dimens\u00e3o do cabo\/rabicho: 1 metro Dimens\u00e3o da haste: 200 mm Dimens\u00e3o da ponta do sensor: \u00d8 6 mm Dimens\u00f5es do punho: aprox. 120 mm x 20 mm ITENS FORNECIDOS: Sensor mod. S-04K<\/div>\n","protected":false},"excerpt":{"rendered":"<p>Informa\u00e7\u00f5es do Produto SENSOR MOD. S-04K DE PENETRA\u00c7\u00c3O DESCRI\u00c7\u00c3O: Sensor mod. s-04k de penetra\u00e7\u00e3o Obs.: Fabricamos sensores especiais sob encomenda. ESPECIFICA\u00c7\u00d5ES T\u00c9CNICAS: Precis\u00e3o: 0,5% Temperatura m\u00e1xima de isola\u00e7\u00e3o (Cabo): 60\u00b0C Sensor tipo K Faixa de temperatura: -50 a 850 oC Dimens\u00e3o do cabo\/rabicho: 1 metro Dimens\u00e3o da haste: 200 mm Dimens\u00e3o da ponta do sensor: [&hellip;]<\/p>\n","protected":false},"featured_media":502,"comment_status":"open","ping_status":"closed","template":"","meta":[],"product_cat":[29],"product_tag":[],"class_list":["post-501","product","type-product","status-publish","has-post-thumbnail","hentry","product_cat-acessorios"],"aioseo_notices":[],"_links":{"self":[{"href":"https:\/\/bratecrio.com.br\/index.php\/wp-json\/wp\/v2\/product\/501"}],"collection":[{"href":"https:\/\/bratecrio.com.br\/index.php\/wp-json\/wp\/v2\/product"}],"about":[{"href":"https:\/\/bratecrio.com.br\/index.php\/wp-json\/wp\/v2\/types\/product"}],"replies":[{"embeddable":true,"href":"https:\/\/bratecrio.com.br\/index.php\/wp-json\/wp\/v2\/comments?post=501"}],"wp:featuredmedia":[{"embeddable":true,"href":"https:\/\/bratecrio.com.br\/index.php\/wp-json\/wp\/v2\/media\/502"}],"wp:attachment":[{"href":"https:\/\/bratecrio.com.br\/index.php\/wp-json\/wp\/v2\/media?parent=501"}],"wp:term":[{"taxonomy":"product_cat","embeddable":true,"href":"https:\/\/bratecrio.com.br\/index.php\/wp-json\/wp\/v2\/product_cat?post=501"},{"taxonomy":"product_tag","embeddable":true,"href":"https:\/\/bratecrio.com.br\/index.php\/wp-json\/wp\/v2\/product_tag?post=501"}],"curies":[{"name":"wp","href":"https:\/\/api.w.org\/{rel}","templated":true}]}}