{"id":503,"date":"2023-08-22T19:43:12","date_gmt":"2023-08-22T19:43:12","guid":{"rendered":"https:\/\/bratecrio.com.br\/?post_type=product&#038;p=503"},"modified":"2026-02-12T09:40:03","modified_gmt":"2026-02-12T09:40:03","slug":"adaptador-para-termopares-tipo-k-minipa-mak-2","status":"publish","type":"product","link":"https:\/\/bratecrio.com.br\/index.php\/produto\/adaptador-para-termopares-tipo-k-minipa-mak-2\/","title":{"rendered":"Adaptador para Termopares Tipo K Minipa MAK-2"},"content":{"rendered":"<table>\n<tbody>\n<tr>\n<td>Termopares Aceitos<\/td>\n<td>Tipo K<\/td>\n<\/tr>\n<tr>\n<td>Entrada<\/td>\n<td>Tipo K F\u00eamea<\/td>\n<\/tr>\n<tr>\n<td>Conex\u00e3o<\/td>\n<td>Pino Banana 4mm Macho<\/td>\n<\/tr>\n<tr>\n<td>Dist\u00e2ncia Entre Pinos<\/td>\n<td>20mm<\/td>\n<\/tr>\n<\/tbody>\n<\/table>\n<p>&nbsp;<\/p>\n","protected":false},"excerpt":{"rendered":"<p>Termopares Aceitos Tipo K Entrada Tipo K F\u00eamea Conex\u00e3o Pino Banana 4mm Macho Dist\u00e2ncia Entre Pinos 20mm &nbsp;<\/p>\n","protected":false},"featured_media":504,"comment_status":"open","ping_status":"closed","template":"","meta":[],"product_cat":[29],"product_tag":[],"class_list":["post-503","product","type-product","status-publish","has-post-thumbnail","hentry","product_cat-acessorios"],"aioseo_notices":[],"_links":{"self":[{"href":"https:\/\/bratecrio.com.br\/index.php\/wp-json\/wp\/v2\/product\/503"}],"collection":[{"href":"https:\/\/bratecrio.com.br\/index.php\/wp-json\/wp\/v2\/product"}],"about":[{"href":"https:\/\/bratecrio.com.br\/index.php\/wp-json\/wp\/v2\/types\/product"}],"replies":[{"embeddable":true,"href":"https:\/\/bratecrio.com.br\/index.php\/wp-json\/wp\/v2\/comments?post=503"}],"wp:featuredmedia":[{"embeddable":true,"href":"https:\/\/bratecrio.com.br\/index.php\/wp-json\/wp\/v2\/media\/504"}],"wp:attachment":[{"href":"https:\/\/bratecrio.com.br\/index.php\/wp-json\/wp\/v2\/media?parent=503"}],"wp:term":[{"taxonomy":"product_cat","embeddable":true,"href":"https:\/\/bratecrio.com.br\/index.php\/wp-json\/wp\/v2\/product_cat?post=503"},{"taxonomy":"product_tag","embeddable":true,"href":"https:\/\/bratecrio.com.br\/index.php\/wp-json\/wp\/v2\/product_tag?post=503"}],"curies":[{"name":"wp","href":"https:\/\/api.w.org\/{rel}","templated":true}]}}